{"id":29,"date":"2024-10-15T11:40:11","date_gmt":"2024-10-15T08:40:11","guid":{"rendered":"https:\/\/sargininsaat.com\/tr\/?page_id=29"},"modified":"2024-11-01T16:35:41","modified_gmt":"2024-11-01T13:35:41","slug":"hakkimizda","status":"publish","type":"page","link":"https:\/\/sargininsaat.com\/tr\/","title":{"rendered":"HAKKIMIZDA"},"content":{"rendered":"<div class=\"wp-block-image\">\n<figure class=\"aligncenter size-large is-resized\"><img loading=\"lazy\" decoding=\"async\" width=\"1024\" height=\"237\" src=\"https:\/\/sargininsaat.com\/tr\/wp-content\/uploads\/2024\/10\/looooxx-1-1024x237.png\" alt=\"\" class=\"wp-image-640\" style=\"width:390px;height:auto\" srcset=\"https:\/\/sargininsaat.com\/tr\/wp-content\/uploads\/2024\/10\/looooxx-1-1024x237.png 1024w, https:\/\/sargininsaat.com\/tr\/wp-content\/uploads\/2024\/10\/looooxx-1-300x69.png 300w, https:\/\/sargininsaat.com\/tr\/wp-content\/uploads\/2024\/10\/looooxx-1-768x178.png 768w, https:\/\/sargininsaat.com\/tr\/wp-content\/uploads\/2024\/10\/looooxx-1.png 1526w\" sizes=\"auto, (max-width: 767px) 89vw, (max-width: 1000px) 54vw, (max-width: 1071px) 543px, 580px\" \/><\/figure>\n<\/div>\n\n\n<p class=\"has-text-align-left\"><strong>SARGIN \u0130N\u015eAAT VE MAK\u0130NE SANAY\u0130 T\u0130CARET A.\u015e.<\/strong>1975 y\u0131l\u0131nda SARGIN M\u00dcHEND\u0130SL\u0130K ad\u0131 alt\u0131nda kurulmu\u015ftur. Firma 1975 \u2013 1990 y\u0131llar\u0131 aras\u0131nda SARGIN M\u00dcHEND\u0130SL\u0130K ad\u0131 alt\u0131nda \u00e7ok \u00e7e\u015fitli alanlarda kamu ve \u00f6zel sekt\u00f6r kurulu\u015flar\u0131na m\u00fcteahhitlik ve dan\u0131\u015fmanl\u0131k hizmeti vermi\u015ftir. H\u00fcseyin Sait Sarg\u0131n (\u0130n\u015f.Y.M\u00fch.)\u2019\u0131n kat\u0131l\u0131m\u0131yla 1990 y\u0131l\u0131nda, daha b\u00fcy\u00fck \u00f6l\u00e7ekli ayn\u0131 alanlarda \u00e7al\u0131\u015fmak \u00fczere anonim \u015firkete d\u00f6n\u00fc\u015fen SARGIN \u0130N\u015eAAT, 1990\u2019l\u0131 y\u0131llar\u0131n ortas\u0131nda stratejik bir karar alarak bina, konut ve silo yap\u0131m\u0131n\u0131n yan\u0131 s\u0131ra \u00f6zellikle t\u00fcnel in\u015faat\u0131 konusunda uzmanla\u015fmaya ba\u015flam\u0131\u015ft\u0131r. G\u00fc\u00e7l\u00fc makine-ekipman deste\u011fi ve kaliteli i\u015fg\u00fcc\u00fc ile yurti\u00e7inde ve yurtd\u0131\u015f\u0131nda \u00f6nemli i\u015f deneyimlerine sahip olan SARGIN \u0130N\u015eAAT daha sonra sermaye \u015firketine d\u00f6n\u00fc\u015fm\u00fc\u015ft\u00fcr.<\/p>\n\n\n\n<div class=\"wp-block-media-text is-stacked-on-mobile\" style=\"grid-template-columns:31% auto\"><figure class=\"wp-block-media-text__media\"><img loading=\"lazy\" decoding=\"async\" width=\"445\" height=\"572\" src=\"https:\/\/sargininsaat.com\/tr\/wp-content\/uploads\/2024\/10\/hss-1.jpg\" alt=\"\" class=\"wp-image-221 size-full\" srcset=\"https:\/\/sargininsaat.com\/tr\/wp-content\/uploads\/2024\/10\/hss-1.jpg 445w, https:\/\/sargininsaat.com\/tr\/wp-content\/uploads\/2024\/10\/hss-1-233x300.jpg 233w\" sizes=\"auto, (max-width: 445px) 100vw, 445px\" \/><\/figure><div class=\"wp-block-media-text__content\">\n<p class=\"has-text-align-left\">\u015eirketin Y\u00f6netim Kurulu Ba\u015fkanl\u0131\u011f\u0131n\u0131 ve Genel M\u00fcd\u00fcrl\u00fck g\u00f6revini&nbsp;<strong>\u0130n\u015f. Y\u00fck. M\u00fch. H\u00fcseyin Sait Sarg\u0131n<\/strong> y\u00fcr\u00fctmektedir.<\/p>\n<\/div><\/div>\n","protected":false},"excerpt":{"rendered":"<p>SARGIN \u0130N\u015eAAT VE MAK\u0130NE SANAY\u0130 T\u0130CARET A.\u015e.1975 y\u0131l\u0131nda SARGIN M\u00dcHEND\u0130SL\u0130K ad\u0131 alt\u0131nda kurulmu\u015ftur. Firma 1975 \u2013 1990 y\u0131llar\u0131 aras\u0131nda SARGIN M\u00dcHEND\u0130SL\u0130K ad\u0131 alt\u0131nda \u00e7ok \u00e7e\u015fitli alanlarda kamu ve \u00f6zel sekt\u00f6r kurulu\u015flar\u0131na m\u00fcteahhitlik ve dan\u0131\u015fmanl\u0131k hizmeti vermi\u015ftir. H\u00fcseyin Sait Sarg\u0131n (\u0130n\u015f.Y.M\u00fch.)\u2019\u0131n kat\u0131l\u0131m\u0131yla 1990 y\u0131l\u0131nda, daha b\u00fcy\u00fck \u00f6l\u00e7ekli ayn\u0131 alanlarda \u00e7al\u0131\u015fmak \u00fczere anonim \u015firkete d\u00f6n\u00fc\u015fen SARGIN \u0130N\u015eAAT, &hellip; <\/p>\n<p class=\"link-more\"><a href=\"https:\/\/sargininsaat.com\/tr\/\" class=\"more-link\">Okumaya devam et<span class=\"screen-reader-text\"> &#8220;HAKKIMIZDA&#8221;<\/span><\/a><\/p>\n","protected":false},"author":1,"featured_media":0,"parent":0,"menu_order":0,"comment_status":"closed","ping_status":"closed","template":"","meta":{"footnotes":""},"class_list":["post-29","page","type-page","status-publish","hentry"],"_links":{"self":[{"href":"https:\/\/sargininsaat.com\/tr\/wp-json\/wp\/v2\/pages\/29","targetHints":{"allow":["GET"]}}],"collection":[{"href":"https:\/\/sargininsaat.com\/tr\/wp-json\/wp\/v2\/pages"}],"about":[{"href":"https:\/\/sargininsaat.com\/tr\/wp-json\/wp\/v2\/types\/page"}],"author":[{"embeddable":true,"href":"https:\/\/sargininsaat.com\/tr\/wp-json\/wp\/v2\/users\/1"}],"replies":[{"embeddable":true,"href":"https:\/\/sargininsaat.com\/tr\/wp-json\/wp\/v2\/comments?post=29"}],"version-history":[{"count":20,"href":"https:\/\/sargininsaat.com\/tr\/wp-json\/wp\/v2\/pages\/29\/revisions"}],"predecessor-version":[{"id":748,"href":"https:\/\/sargininsaat.com\/tr\/wp-json\/wp\/v2\/pages\/29\/revisions\/748"}],"wp:attachment":[{"href":"https:\/\/sargininsaat.com\/tr\/wp-json\/wp\/v2\/media?parent=29"}],"curies":[{"name":"wp","href":"https:\/\/api.w.org\/{rel}","templated":true}]}}