{"id":31,"date":"2024-10-15T11:40:11","date_gmt":"2024-10-15T08:40:11","guid":{"rendered":"https:\/\/sargininsaat.com\/tr\/?page_id=31"},"modified":"2025-04-29T14:11:36","modified_gmt":"2025-04-29T11:11:36","slug":"iletisim","status":"publish","type":"page","link":"https:\/\/sargininsaat.com\/tr\/iletisim\/","title":{"rendered":"\u0130LET\u0130\u015e\u0130M"},"content":{"rendered":"\n<div class=\"wp-block-media-text is-stacked-on-mobile is-vertically-aligned-top\" style=\"grid-template-columns:15% auto\"><figure class=\"wp-block-media-text__media\"><a href=\"https:\/\/maps.app.goo.gl\/Xdmo45MbzyA9TGXM6\" target=\"_blank\" rel=\"noreferrer noopener\"><img loading=\"lazy\" decoding=\"async\" width=\"422\" height=\"382\" src=\"https:\/\/sargininsaat.com\/tr\/wp-content\/uploads\/2024\/10\/61488124d329bb0004dbd345.png\" alt=\"\" class=\"wp-image-362 size-full\" srcset=\"https:\/\/sargininsaat.com\/tr\/wp-content\/uploads\/2024\/10\/61488124d329bb0004dbd345.png 422w, https:\/\/sargininsaat.com\/tr\/wp-content\/uploads\/2024\/10\/61488124d329bb0004dbd345-300x272.png 300w\" sizes=\"auto, (max-width: 422px) 100vw, 422px\" \/><\/a><\/figure><div class=\"wp-block-media-text__content\">\n<p><strong>SARGIN \u0130n\u015faat ve Makine Sanayi Ticaret A.\u015e.<\/strong><br>\u0130lkbahar Mahallesi 608. Sokak No:9 06550 Y\u0131ld\u0131z \/ ANKARA<br><strong>Tel:<\/strong>&nbsp;+90 (312) 229 27 00 \/ 491 52 21 \u2013 23<br><strong>Faks:<\/strong>&nbsp;+90 (312) 229 42 90<br><strong>ePosta :&nbsp;<\/strong><a href=\"mailto:info@sargininsaat.com\">info@sargininsaat.com<\/a><br><strong>ePosta :&nbsp;<\/strong><a href=\"mailto:bilgi@sargininsaat.com\">bilgi@sargininsaat.com<\/a><br><strong>Web Adresi :<\/strong>&nbsp;<a href=\"http:\/\/www.sargininsaat.com\/\">www.sargininsaat.com<\/a><\/p>\n<\/div><\/div>\n\n\n\n<h2 class=\"wp-block-heading\"><strong>DEPOLAR<\/strong><\/h2>\n\n\n\n<div class=\"wp-block-media-text is-stacked-on-mobile\" style=\"grid-template-columns:15% auto\"><figure class=\"wp-block-media-text__media\"><a href=\"https:\/\/maps.app.goo.gl\/2t8Ut4bq9TN332tX9\" target=\"_blank\" rel=\"noreferrer noopener\"><img loading=\"lazy\" decoding=\"async\" width=\"422\" height=\"382\" src=\"https:\/\/sargininsaat.com\/tr\/wp-content\/uploads\/2024\/10\/61488124d329bb0004dbd345-1.png\" alt=\"\" class=\"wp-image-364 size-full\" srcset=\"https:\/\/sargininsaat.com\/tr\/wp-content\/uploads\/2024\/10\/61488124d329bb0004dbd345-1.png 422w, https:\/\/sargininsaat.com\/tr\/wp-content\/uploads\/2024\/10\/61488124d329bb0004dbd345-1-300x272.png 300w\" sizes=\"auto, (max-width: 422px) 100vw, 422px\" \/><\/a><\/figure><div class=\"wp-block-media-text__content\">\n<p><strong>Temelli \/ Ankara<\/strong><br>2. Organize Sanayi B\u00f6lgesi, B70, Temelli \/ ANKARA<\/p>\n<\/div><\/div>\n\n\n\n<div class=\"wp-block-media-text is-stacked-on-mobile\" style=\"grid-template-columns:15% auto\"><figure class=\"wp-block-media-text__media\"><a href=\"https:\/\/maps.app.goo.gl\/V6y34pLNgzYFniTv9\" target=\"_blank\" rel=\"noreferrer noopener\"><img loading=\"lazy\" decoding=\"async\" width=\"422\" height=\"382\" src=\"https:\/\/sargininsaat.com\/tr\/wp-content\/uploads\/2024\/10\/61488124d329bb0004dbd345-2.png\" alt=\"\" class=\"wp-image-368 size-full\" srcset=\"https:\/\/sargininsaat.com\/tr\/wp-content\/uploads\/2024\/10\/61488124d329bb0004dbd345-2.png 422w, https:\/\/sargininsaat.com\/tr\/wp-content\/uploads\/2024\/10\/61488124d329bb0004dbd345-2-300x272.png 300w\" sizes=\"auto, (max-width: 422px) 100vw, 422px\" \/><\/a><\/figure><div class=\"wp-block-media-text__content\">\n<p><strong>G\u00f6lba\u015f\u0131 \/ ANKARA<\/strong><br>Konya Yolu 31. km., O\u011fulbey Mah., O\u011fulbey K\u00fcme Evleri, Kadoil Petrol Arkas\u0131, G\u00f6lba\u015f\u0131 \/ ANKARA<\/p>\n<\/div><\/div>\n\n\n\n<p><\/p>\n","protected":false},"excerpt":{"rendered":"<p>SARGIN \u0130n\u015faat ve Makine Sanayi Ticaret A.\u015e.\u0130lkbahar Mahallesi 608. Sokak No:9 06550 Y\u0131ld\u0131z \/ ANKARATel:&nbsp;+90 (312) 229 27 00 \/ 491 52 21 \u2013 23Faks:&nbsp;+90 (312) 229 42 90ePosta :&nbsp;info@sargininsaat.comePosta :&nbsp;bilgi@sargininsaat.comWeb Adresi :&nbsp;www.sargininsaat.com DEPOLAR Temelli \/ Ankara2. Organize Sanayi B\u00f6lgesi, B70, Temelli \/ ANKARA G\u00f6lba\u015f\u0131 \/ ANKARAKonya Yolu 31. km., O\u011fulbey Mah., O\u011fulbey K\u00fcme Evleri, &hellip; <\/p>\n<p class=\"link-more\"><a href=\"https:\/\/sargininsaat.com\/tr\/iletisim\/\" class=\"more-link\">Okumaya devam et<span class=\"screen-reader-text\"> &#8220;\u0130LET\u0130\u015e\u0130M&#8221;<\/span><\/a><\/p>\n","protected":false},"author":1,"featured_media":0,"parent":0,"menu_order":0,"comment_status":"closed","ping_status":"closed","template":"","meta":{"footnotes":""},"class_list":["post-31","page","type-page","status-publish","hentry"],"_links":{"self":[{"href":"https:\/\/sargininsaat.com\/tr\/wp-json\/wp\/v2\/pages\/31","targetHints":{"allow":["GET"]}}],"collection":[{"href":"https:\/\/sargininsaat.com\/tr\/wp-json\/wp\/v2\/pages"}],"about":[{"href":"https:\/\/sargininsaat.com\/tr\/wp-json\/wp\/v2\/types\/page"}],"author":[{"embeddable":true,"href":"https:\/\/sargininsaat.com\/tr\/wp-json\/wp\/v2\/users\/1"}],"replies":[{"embeddable":true,"href":"https:\/\/sargininsaat.com\/tr\/wp-json\/wp\/v2\/comments?post=31"}],"version-history":[{"count":22,"href":"https:\/\/sargininsaat.com\/tr\/wp-json\/wp\/v2\/pages\/31\/revisions"}],"predecessor-version":[{"id":775,"href":"https:\/\/sargininsaat.com\/tr\/wp-json\/wp\/v2\/pages\/31\/revisions\/775"}],"wp:attachment":[{"href":"https:\/\/sargininsaat.com\/tr\/wp-json\/wp\/v2\/media?parent=31"}],"curies":[{"name":"wp","href":"https:\/\/api.w.org\/{rel}","templated":true}]}}