{"id":420,"date":"2024-10-23T14:25:38","date_gmt":"2024-10-23T11:25:38","guid":{"rendered":"https:\/\/sargininsaat.com\/tr\/?page_id=420"},"modified":"2024-10-28T14:43:16","modified_gmt":"2024-10-28T11:43:16","slug":"devam-eden-isler","status":"publish","type":"page","link":"https:\/\/sargininsaat.com\/tr\/devam-eden-isler\/","title":{"rendered":"Devam Eden \u0130\u015fler"},"content":{"rendered":"\n<h6 class=\"wp-block-heading\"><strong>1. Balya Pb-Zn Yeralt\u0131 Madeni G\u00fcney Sahas\u0131 Yatay Galeri ve Yar\u0131m D\u00fc\u015fey Rampa Yap\u0131m \u0130\u015fleri<\/strong><\/h6>\n\n\n\n<p>Balya Pb-Zn Madeni G\u00fcney Sahas\u0131 Yatay Galeri ve Yar\u0131m D\u00fc\u015fey Rampa Yap\u0131m \u0130\u015fi \u00a0\/ BALIKES\u0130R<br>\u0130\u015fveren : Esan-Eczac\u0131ba\u015f\u0131 Hammadde Sanayi ve Ticaret A.\u015e.<\/p>\n","protected":false},"excerpt":{"rendered":"<p>1. Balya Pb-Zn Yeralt\u0131 Madeni G\u00fcney Sahas\u0131 Yatay Galeri ve Yar\u0131m D\u00fc\u015fey Rampa Yap\u0131m \u0130\u015fleri Balya Pb-Zn Madeni G\u00fcney Sahas\u0131 Yatay Galeri ve Yar\u0131m D\u00fc\u015fey Rampa Yap\u0131m \u0130\u015fi \u00a0\/ BALIKES\u0130R\u0130\u015fveren : Esan-Eczac\u0131ba\u015f\u0131 Hammadde Sanayi ve Ticaret A.\u015e.<\/p>\n","protected":false},"author":1,"featured_media":0,"parent":0,"menu_order":0,"comment_status":"closed","ping_status":"closed","template":"","meta":{"footnotes":""},"class_list":["post-420","page","type-page","status-publish","hentry"],"_links":{"self":[{"href":"https:\/\/sargininsaat.com\/tr\/wp-json\/wp\/v2\/pages\/420","targetHints":{"allow":["GET"]}}],"collection":[{"href":"https:\/\/sargininsaat.com\/tr\/wp-json\/wp\/v2\/pages"}],"about":[{"href":"https:\/\/sargininsaat.com\/tr\/wp-json\/wp\/v2\/types\/page"}],"author":[{"embeddable":true,"href":"https:\/\/sargininsaat.com\/tr\/wp-json\/wp\/v2\/users\/1"}],"replies":[{"embeddable":true,"href":"https:\/\/sargininsaat.com\/tr\/wp-json\/wp\/v2\/comments?post=420"}],"version-history":[{"count":5,"href":"https:\/\/sargininsaat.com\/tr\/wp-json\/wp\/v2\/pages\/420\/revisions"}],"predecessor-version":[{"id":610,"href":"https:\/\/sargininsaat.com\/tr\/wp-json\/wp\/v2\/pages\/420\/revisions\/610"}],"wp:attachment":[{"href":"https:\/\/sargininsaat.com\/tr\/wp-json\/wp\/v2\/media?parent=420"}],"curies":[{"name":"wp","href":"https:\/\/api.w.org\/{rel}","templated":true}]}}