{"id":423,"date":"2024-10-23T14:43:52","date_gmt":"2024-10-23T11:43:52","guid":{"rendered":"https:\/\/sargininsaat.com\/tr\/?page_id=423"},"modified":"2024-10-23T14:54:49","modified_gmt":"2024-10-23T11:54:49","slug":"forekazik-jetgrout","status":"publish","type":"page","link":"https:\/\/sargininsaat.com\/tr\/forekazik-jetgrout\/","title":{"rendered":"Forekaz\u0131k \/ Jetgrout"},"content":{"rendered":"\n<p><strong>2014<\/strong><br><strong><\/strong>Opet Daloyoba Projesi<br><em>\u03a6120\/\u03a6150&nbsp;Forekaz\u0131k \u0130malat\u0131 (96 m \/ 642 m)<\/em><br>\u0130\u015fveren : Hanyap\u0131 \u0130n\u015faat Mimarl\u0131k M\u00fchendislik M\u00fc\u015favirlik ve Taahh\u00fct San. ve Tic. A.\u015e.<\/p>\n\n\n\n<p><strong>2014<\/strong><br><strong><\/strong>Ba\u011ffa\u015f G\u00fcbre Fabrikas\u0131 Projesi<br><em>\u03a6100&nbsp;Forekaz\u0131k \u0130malat\u0131 (250 m)<\/em><br>\u0130\u015fveren : Bur\u00e7elik Bursa \u00c7elik D\u00f6k\u00fcm Sanayi A.\u015e.<\/p>\n\n\n\n<p><strong>2014<\/strong><br><strong><\/strong>Sel\u00e7uk Karab\u0131y\u0131k Konut Projesi<br><em>\u03a665&nbsp;Forekaz\u0131k \u0130malat\u0131 (1.500 m)<\/em><br>\u0130\u015fveren : \u0130rem \u0130n\u015faat Sanayi Ticaret Ltd.\u015eti.<\/p>\n\n\n\n<p><strong>2014<\/strong><br>\u00c7ekok G\u0131da Fabrikas\u0131 Projesi<br><em>\u03a665&nbsp;Forekaz\u0131k \u0130malat\u0131 (3.000 m)<\/em><br>\u0130\u015fveren : \u0130rem \u0130n\u015faat Sanayi Ticaret Ltd.\u015eti.<\/p>\n\n\n\n<p><strong>2014<\/strong><br><strong><\/strong>T\u00fcrkiye Finans Kat\u0131l\u0131m Bankas\u0131 Merkez \u0130n\u015faat\u0131 Projesi \u2013 \u00dcmraniye<br><em>\u03a680&nbsp;Forekaz\u0131k \u0130malat\u0131 (1.200 m)<\/em><br>\u0130\u015fveren : Derinta\u015f \u0130n\u015faat ve Ticaret Ltd.\u015eti..<\/p>\n\n\n\n<p><strong>2013<\/strong><br><strong><\/strong>\u0130skenderun Termik Santrali Projesi<br><em>\u03a680\/\u03a6100\/\u03a6120 Forekaz\u0131k \u0130malat\u0131 (300 m \/ 2.000 m \/ 300 m)<\/em><br>\u0130\u015fveren : Kutay \u0130n\u015faat Taahh\u00fct Ticaret Ltd.\u015eti.<\/p>\n\n\n\n<p><strong>2012<\/strong><br><strong><\/strong>Amasya \u00c7evreyolu \u015eehzadeler Viyad\u00fc\u011f\u00fc Projesi<br><em>\u03a6120 Forekaz\u0131k \u0130malat\u0131 (690 m\/757 m)<\/em><br>\u0130\u015fveren : As \u0130n\u015faat A.\u015e.<\/p>\n\n\n\n<p><strong>2012<\/strong><br><strong><\/strong>\u0130stanbul Anadolu Metro Projesi Yenikap\u0131 \u0130stasyonu Projesi<br><em>\u03a6100 Te\u011fet \/ Kesi\u015fen Forekaz\u0131k \u0130malat\u0131 (690 m\/757 m)<\/em><br>\u0130\u015fveren : Y\u00fcksel \u2013 G\u00fcri\u015f A.O.<br><strong><\/strong><\/p>\n\n\n\n<p><strong>2012<\/strong><br><strong><\/strong>\u0130stanbul Ata\u015fehir Sarphan Finanpark Projesi<br><em>\u03a6100 S\u0131ral\u0131 Forekaz\u0131k \u0130malat\u0131 (2.345 m)<\/em><br>\u0130\u015fveren : CMC \u0130n\u015faat A.\u015e.<\/p>\n\n\n\n<p><strong>2011 \u2013 2012<\/strong><\/p>\n\n\n\n<p><strong><\/strong>\u0130stanbul Hafif Metro Sistemi Otogar-Kirazl\u0131 aras\u0131 Ka\u00e7\u0131\u015f \u015eaftlar\u0131<br><em>\u03a680 Te\u011fet Forekaz\u0131k \u0130malat\u0131 (4.745 m)<\/em><br>\u0130\u015fveren :&nbsp;G\u00fclermak \u2013 Do\u011fu\u015f A.O.<\/p>\n\n\n\n<p><strong>2010<\/strong><\/p>\n\n\n\n<p><strong><\/strong>Emaar New \u0130stanbul Development Projesi<br><em>\u03a680 cm Forekaz\u0131k \u0130malat\u0131 (625 m)<\/em><br>\u0130\u015fveren :&nbsp;Makyol \u2013 Terra Zemin<\/p>\n\n\n\n<p><strong>2010<\/strong><\/p>\n\n\n\n<p><strong><\/strong>Kad\u0131k\u00f6y Kartal Metro Hatt\u0131 \u00dcnalan \u0130stasyonu ve Uzun\u00e7ay\u0131r Metrob\u00fcs Dura\u011f\u0131 ile Akasya Ac\u0131badem Aras\u0131 Yaya Ba\u011flant\u0131s\u0131 \u0130n\u015faat\u0131<br><em>\u03a6100 cm Forekaz\u0131k \u0130\u015fi (4.800 m)<\/em><br><em>3\/6 \u00d6ngermeli Ankraj \u0130\u015fi (4.750 m)<\/em><br><em>\u03a680 cm Jet Enjeksiyon Kolon \u0130\u015fi (102.000 m)<\/em><br>\u0130\u015fveren :&nbsp;SAF Gayrimenkul Geli\u015ftirme \u0130n\u015faat ve Ticaret A.\u015e.<\/p>\n\n\n\n<p><strong>2008-2009<\/strong><\/p>\n\n\n\n<p><strong><\/strong>Otogar Ba\u011fc\u0131lar Rayl\u0131 Toplu Ta\u015f\u0131ma Sistemi \u0130n\u015faat Elektromekanik Yap\u0131m \u0130\u015fleri, Ara\u00e7 Temini Kapsam\u0131nda 2 Telli G\u00fcney Sanayi Metro \u0130stasyonu \u0130n\u015faat\u0131<br><em>\u03a665 cm Forekaz\u0131k Yap\u0131m \u0130\u015fi (12.000m)<\/em><br><em>3\/6 \u00d6ngermeli Ankraj \u0130\u015fi (49.750 m)<\/em><br>\u0130\u015fveren :&nbsp;G\u00fclermak \u2013 Do\u011fu\u015f&nbsp;A.O.<\/p>\n","protected":false},"excerpt":{"rendered":"<p>2014Opet Daloyoba Projesi\u03a6120\/\u03a6150&nbsp;Forekaz\u0131k \u0130malat\u0131 (96 m \/ 642 m)\u0130\u015fveren : Hanyap\u0131 \u0130n\u015faat Mimarl\u0131k M\u00fchendislik M\u00fc\u015favirlik ve Taahh\u00fct San. ve Tic. A.\u015e. 2014Ba\u011ffa\u015f G\u00fcbre Fabrikas\u0131 Projesi\u03a6100&nbsp;Forekaz\u0131k \u0130malat\u0131 (250 m)\u0130\u015fveren : Bur\u00e7elik Bursa \u00c7elik D\u00f6k\u00fcm Sanayi A.\u015e. 2014Sel\u00e7uk Karab\u0131y\u0131k Konut Projesi\u03a665&nbsp;Forekaz\u0131k \u0130malat\u0131 (1.500 m)\u0130\u015fveren : \u0130rem \u0130n\u015faat Sanayi Ticaret Ltd.\u015eti. 2014\u00c7ekok G\u0131da Fabrikas\u0131 Projesi\u03a665&nbsp;Forekaz\u0131k \u0130malat\u0131 (3.000 m)\u0130\u015fveren &hellip; <\/p>\n<p class=\"link-more\"><a href=\"https:\/\/sargininsaat.com\/tr\/forekazik-jetgrout\/\" class=\"more-link\">Okumaya devam et<span class=\"screen-reader-text\"> &#8220;Forekaz\u0131k \/ Jetgrout&#8221;<\/span><\/a><\/p>\n","protected":false},"author":1,"featured_media":0,"parent":0,"menu_order":0,"comment_status":"closed","ping_status":"closed","template":"","meta":{"footnotes":""},"class_list":["post-423","page","type-page","status-publish","hentry"],"_links":{"self":[{"href":"https:\/\/sargininsaat.com\/tr\/wp-json\/wp\/v2\/pages\/423","targetHints":{"allow":["GET"]}}],"collection":[{"href":"https:\/\/sargininsaat.com\/tr\/wp-json\/wp\/v2\/pages"}],"about":[{"href":"https:\/\/sargininsaat.com\/tr\/wp-json\/wp\/v2\/types\/page"}],"author":[{"embeddable":true,"href":"https:\/\/sargininsaat.com\/tr\/wp-json\/wp\/v2\/users\/1"}],"replies":[{"embeddable":true,"href":"https:\/\/sargininsaat.com\/tr\/wp-json\/wp\/v2\/comments?post=423"}],"version-history":[{"count":2,"href":"https:\/\/sargininsaat.com\/tr\/wp-json\/wp\/v2\/pages\/423\/revisions"}],"predecessor-version":[{"id":448,"href":"https:\/\/sargininsaat.com\/tr\/wp-json\/wp\/v2\/pages\/423\/revisions\/448"}],"wp:attachment":[{"href":"https:\/\/sargininsaat.com\/tr\/wp-json\/wp\/v2\/media?parent=423"}],"curies":[{"name":"wp","href":"https:\/\/api.w.org\/{rel}","templated":true}]}}