{"id":444,"date":"2024-10-23T14:53:38","date_gmt":"2024-10-23T11:53:38","guid":{"rendered":"https:\/\/sargininsaat.com\/tr\/?page_id=444"},"modified":"2026-02-09T09:38:37","modified_gmt":"2026-02-09T06:38:37","slug":"saft-kazi-isleri-raiseboring","status":"publish","type":"page","link":"https:\/\/sargininsaat.com\/tr\/saft-kazi-isleri-raiseboring\/","title":{"rendered":"\u015eaft Kaz\u0131 \u0130\u015fleri (Raiseboring)"},"content":{"rendered":"\n<p><strong>2023<\/strong><\/p>\n\n\n\n<p>Kars &#8211; Tiflis &#8211; Bak\u00fc Demiryolu Hatt\u0131 Projesi \/ RaiseBoring ile \u015eaft A\u00e7ma \u0130\u015fi<br><em>Toplam Derinlik : 2 x 130,00 m\u00a0 \/ 90,00\u00b0 \u00a0 \u00a0 \u00a0 \u00a0Kaz\u0131 \u00c7ap\u0131 : 1.500 mm.<\/em><br>\u0130\u015fveren : K\u00f6pr\u00fc &#8211; Bina &#8211; Tikinti LLC.<\/p>\n\n\n\n<p><strong>2018<\/strong><\/p>\n\n\n\n<p>Efem\u00e7ukuru Alt\u0131n Madeni \/ RaiseBoring ile \u015eaft A\u00e7ma \u0130\u015fi<br><em>Toplam Derinlik : 166,16 m&nbsp; \/ 72,24\u00b0 &nbsp; &nbsp; &nbsp; &nbsp;Kaz\u0131 \u00c7ap\u0131 : 1.500 mm.<\/em><br>\u0130\u015fveren : T\u00fcprag Metal Madencilik San. ve Tic. A.\u015e<\/p>\n\n\n\n<p><strong>2018<\/strong><\/p>\n\n\n\n<p>Efem\u00e7ukuru Alt\u0131n Madeni \/ RaiseBoring ile \u015eaft A\u00e7ma \u0130\u015fi<br><em>Toplam Derinlik : 124,10 m \/ 90\u00b0 &nbsp; &nbsp; &nbsp; &nbsp;Kaz\u0131 \u00c7ap\u0131 : 2.440 mm.<\/em><br>\u0130\u015fveren : T\u00fcprag Metal Madencilik San. ve Tic. A.\u015e<\/p>\n\n\n\n<p><strong>2017<\/strong><\/p>\n\n\n\n<p>Ambarl\u0131k HES Projesi RaiseBoring ile \u015eaft A\u00e7ma \u0130\u015fi<br><em>Toplam Derinlik : 165 m \/ 90\u00b0 &nbsp; &nbsp; &nbsp; &nbsp;Kaz\u0131 \u00c7ap\u0131 : 2.440 mm.<\/em><br>\u0130\u015fveren : EN YAPI \u0130n\u015faat Sanayi ve Ticaret A.\u015e.<\/p>\n\n\n\n<p><strong>2017<\/strong><\/p>\n\n\n\n<p>Bal\u0131kesir Balya Pb-Zn Yeralt\u0131 Madeni \/ Havaland\u0131rma \u015eaft Kaz\u0131s\u0131<br><em>Toplam Derinlik : 730 m. &nbsp; &nbsp; &nbsp; &nbsp;Kaz\u0131 \u00c7ap\u0131 : 2.440 mm.<\/em><br><em>(400 m \/ 90\u00b0 + 330 m \/ 68\u00b0)<\/em><br>\u0130\u015fveren : Esan Eczac\u0131ba\u015f\u0131<\/p>\n\n\n\n<p><strong>2015<\/strong><\/p>\n\n\n\n<p>Yusufeli Baraj\u0131 ve HES Projesi \/ \u015eaft Kaz\u0131s\u0131<br><em>Toplam Derinlik : 206 m. &nbsp; &nbsp; &nbsp; &nbsp;Kaz\u0131 \u00c7ap\u0131 : 2.440 mm.<\/em><br><em>(65m \/ 90\u00b0 + 141 m \/ 90\u00b0)<\/em><br>\u0130\u015fveren : Limak \u0130n\u015faat Sanayi ve Ticaret A.\u015e.<\/p>\n\n\n\n<p><strong>2013<\/strong><\/p>\n\n\n\n<p>Bal\u0131kesir Balya Pb-Zn Yeralt\u0131 Madeni \/ Havaland\u0131rma \u015eaft Kaz\u0131s\u0131<br><em>Toplam Derinlik : 600 m. \/ 90\u00b0 &nbsp; &nbsp; &nbsp; &nbsp;Kaz\u0131 \u00c7ap\u0131 : 2.440 mm.<\/em><br>\u0130\u015fveren : Esan Eczac\u0131ba\u015f\u0131<\/p>\n","protected":false},"excerpt":{"rendered":"<p>2023 Kars &#8211; Tiflis &#8211; Bak\u00fc Demiryolu Hatt\u0131 Projesi \/ RaiseBoring ile \u015eaft A\u00e7ma \u0130\u015fiToplam Derinlik : 2 x 130,00 m\u00a0 \/ 90,00\u00b0 \u00a0 \u00a0 \u00a0 \u00a0Kaz\u0131 \u00c7ap\u0131 : 1.500 mm.\u0130\u015fveren : K\u00f6pr\u00fc &#8211; Bina &#8211; Tikinti LLC. 2018 Efem\u00e7ukuru Alt\u0131n Madeni \/ RaiseBoring ile \u015eaft A\u00e7ma \u0130\u015fiToplam Derinlik : 166,16 m&nbsp; \/ 72,24\u00b0 &nbsp; &hellip; <\/p>\n<p class=\"link-more\"><a href=\"https:\/\/sargininsaat.com\/tr\/saft-kazi-isleri-raiseboring\/\" class=\"more-link\">Okumaya devam et<span class=\"screen-reader-text\"> &#8220;\u015eaft Kaz\u0131 \u0130\u015fleri (Raiseboring)&#8221;<\/span><\/a><\/p>\n","protected":false},"author":1,"featured_media":0,"parent":0,"menu_order":0,"comment_status":"closed","ping_status":"closed","template":"","meta":{"footnotes":""},"class_list":["post-444","page","type-page","status-publish","hentry"],"_links":{"self":[{"href":"https:\/\/sargininsaat.com\/tr\/wp-json\/wp\/v2\/pages\/444","targetHints":{"allow":["GET"]}}],"collection":[{"href":"https:\/\/sargininsaat.com\/tr\/wp-json\/wp\/v2\/pages"}],"about":[{"href":"https:\/\/sargininsaat.com\/tr\/wp-json\/wp\/v2\/types\/page"}],"author":[{"embeddable":true,"href":"https:\/\/sargininsaat.com\/tr\/wp-json\/wp\/v2\/users\/1"}],"replies":[{"embeddable":true,"href":"https:\/\/sargininsaat.com\/tr\/wp-json\/wp\/v2\/comments?post=444"}],"version-history":[{"count":4,"href":"https:\/\/sargininsaat.com\/tr\/wp-json\/wp\/v2\/pages\/444\/revisions"}],"predecessor-version":[{"id":818,"href":"https:\/\/sargininsaat.com\/tr\/wp-json\/wp\/v2\/pages\/444\/revisions\/818"}],"wp:attachment":[{"href":"https:\/\/sargininsaat.com\/tr\/wp-json\/wp\/v2\/media?parent=444"}],"curies":[{"name":"wp","href":"https:\/\/api.w.org\/{rel}","templated":true}]}}