{"id":457,"date":"2024-10-23T15:54:08","date_gmt":"2024-10-23T12:54:08","guid":{"rendered":"https:\/\/sargininsaat.com\/tr\/odeme\/"},"modified":"2024-10-28T17:50:35","modified_gmt":"2024-10-28T14:50:35","slug":"degerlerimiz","status":"publish","type":"page","link":"https:\/\/sargininsaat.com\/tr\/degerlerimiz\/","title":{"rendered":"De\u011ferlerimiz"},"content":{"rendered":"\n<div class=\"wp-block-media-text is-stacked-on-mobile\" style=\"grid-template-columns:29% auto\"><figure class=\"wp-block-media-text__media\"><img loading=\"lazy\" decoding=\"async\" width=\"232\" height=\"369\" src=\"https:\/\/sargininsaat.com\/tr\/wp-content\/uploads\/2024\/10\/misyon-vizyon-degerler.png\" alt=\"\" class=\"wp-image-537 size-full\" srcset=\"https:\/\/sargininsaat.com\/tr\/wp-content\/uploads\/2024\/10\/misyon-vizyon-degerler.png 232w, https:\/\/sargininsaat.com\/tr\/wp-content\/uploads\/2024\/10\/misyon-vizyon-degerler-189x300.png 189w\" sizes=\"auto, (max-width: 232px) 100vw, 232px\" \/><\/figure><div class=\"wp-block-media-text__content\">\n<p><strong>M\u0130SYONUMUZ<\/strong><\/p>\n\n\n\n<p>Tetkik edilerek girilen her faaliyet alan\u0131nda geli\u015fim, imkan ve d\u00fcnyaya katk\u0131lar\u0131n fark\u0131ndal\u0131\u011f\u0131n\u0131 ta\u015f\u0131yarak ileri kalite anlay\u0131\u015f\u0131 ve son teknoloji kullan\u0131m\u0131n\u0131 yarat\u0131c\u0131 yakla\u015f\u0131mla peki\u015ftirmek ve bu \u015fekilde kalite ve ba\u015far\u0131n\u0131n s\u00fcrd\u00fcr\u00fclebilirli\u011fini sa\u011flayarak kendi alan\u0131nda T\u00fcrkiye\u2019nin sayg\u0131n firmalar\u0131 aras\u0131nda kalmay\u0131 devam ettirmektir.<\/p>\n\n\n\n<p><strong>V\u0130ZYONUMUZ<\/strong><\/p>\n\n\n\n<p>Yarat\u0131c\u0131l\u0131k, fark\u0131ndal\u0131k ve farkl\u0131l\u0131k konular\u0131nda evrensel bir yakla\u015f\u0131m do\u011frultusunda etkinlik, kalite ve ba\u015far\u0131 azmini \u00f6n planda tutarak m\u00fchendislik ve m\u00fcteahhitlik alanlar\u0131nda T\u00fcrkiye ve yurtd\u0131\u015f\u0131nda faaliyet ve yat\u0131r\u0131mlarda bulunmakt\u0131r.<\/p>\n<\/div><\/div>\n","protected":false},"excerpt":{"rendered":"<p>M\u0130SYONUMUZ Tetkik edilerek girilen her faaliyet alan\u0131nda geli\u015fim, imkan ve d\u00fcnyaya katk\u0131lar\u0131n fark\u0131ndal\u0131\u011f\u0131n\u0131 ta\u015f\u0131yarak ileri kalite anlay\u0131\u015f\u0131 ve son teknoloji kullan\u0131m\u0131n\u0131 yarat\u0131c\u0131 yakla\u015f\u0131mla peki\u015ftirmek ve bu \u015fekilde kalite ve ba\u015far\u0131n\u0131n s\u00fcrd\u00fcr\u00fclebilirli\u011fini sa\u011flayarak kendi alan\u0131nda T\u00fcrkiye\u2019nin sayg\u0131n firmalar\u0131 aras\u0131nda kalmay\u0131 devam ettirmektir. V\u0130ZYONUMUZ Yarat\u0131c\u0131l\u0131k, fark\u0131ndal\u0131k ve farkl\u0131l\u0131k konular\u0131nda evrensel bir yakla\u015f\u0131m do\u011frultusunda etkinlik, kalite ve ba\u015far\u0131 &hellip; <\/p>\n<p class=\"link-more\"><a href=\"https:\/\/sargininsaat.com\/tr\/degerlerimiz\/\" class=\"more-link\">Okumaya devam et<span class=\"screen-reader-text\"> &#8220;De\u011ferlerimiz&#8221;<\/span><\/a><\/p>\n","protected":false},"author":1,"featured_media":0,"parent":0,"menu_order":0,"comment_status":"closed","ping_status":"closed","template":"","meta":{"footnotes":""},"class_list":["post-457","page","type-page","status-publish","hentry"],"_links":{"self":[{"href":"https:\/\/sargininsaat.com\/tr\/wp-json\/wp\/v2\/pages\/457","targetHints":{"allow":["GET"]}}],"collection":[{"href":"https:\/\/sargininsaat.com\/tr\/wp-json\/wp\/v2\/pages"}],"about":[{"href":"https:\/\/sargininsaat.com\/tr\/wp-json\/wp\/v2\/types\/page"}],"author":[{"embeddable":true,"href":"https:\/\/sargininsaat.com\/tr\/wp-json\/wp\/v2\/users\/1"}],"replies":[{"embeddable":true,"href":"https:\/\/sargininsaat.com\/tr\/wp-json\/wp\/v2\/comments?post=457"}],"version-history":[{"count":9,"href":"https:\/\/sargininsaat.com\/tr\/wp-json\/wp\/v2\/pages\/457\/revisions"}],"predecessor-version":[{"id":660,"href":"https:\/\/sargininsaat.com\/tr\/wp-json\/wp\/v2\/pages\/457\/revisions\/660"}],"wp:attachment":[{"href":"https:\/\/sargininsaat.com\/tr\/wp-json\/wp\/v2\/media?parent=457"}],"curies":[{"name":"wp","href":"https:\/\/api.w.org\/{rel}","templated":true}]}}