{"id":524,"date":"2024-10-23T17:41:09","date_gmt":"2024-10-23T14:41:09","guid":{"rendered":"https:\/\/sargininsaat.com\/tr\/?page_id=524"},"modified":"2024-10-23T17:41:09","modified_gmt":"2024-10-23T14:41:09","slug":"faaliyet-alanlari","status":"publish","type":"page","link":"https:\/\/sargininsaat.com\/tr\/faaliyet-alanlari\/","title":{"rendered":"Faaliyet Alanlar\u0131"},"content":{"rendered":"\n<p><strong>\u2013 Baraj, T\u00fcnel ve Altyap\u0131 \u0130\u015fleri<\/strong><\/p>\n\n\n\n<p><strong>\u2013 Otoyol ve Karayolu Yap\u0131m \u0130\u015fleri<\/strong><br>\u2013 Toprak \u0130\u015fleri (Kaz\u0131 ve Dolgu)<br>\u2013 B\u00fcy\u00fck ve K\u00fc\u00e7\u00fck Sanat Yap\u0131lar\u0131 (K\u00f6pr\u00fc, Viyad\u00fck, Menfez vb.)<br>\u2013 Bit\u00fcml\u00fc S\u0131cak Kar\u0131\u015f\u0131m<br>\u2013 Yol Bitirme \u0130\u015fleri (Trafik \u0130\u015faretleri, Otokorkuluk, Ayd\u0131nlatma, Sinyalizasyon ve Peyzaj)<\/p>\n\n\n\n<p><strong>\u2013 Jeoteknik \u0130\u015fler<\/strong><br>\u2013 Ankraj, Kaz\u0131k, Jet Grout<\/p>\n\n\n\n<p><strong>\u2013 Resmi ve \u00d6zel, Sosyal Bina ve Kompleks Yap\u0131lar<\/strong><\/p>\n\n\n\n<p><strong>\u2013 Betonarme ve \u00c7elik Sanayi Yap\u0131lar<\/strong><\/p>\n\n\n\n<p><strong>\u2013 \u00c7elik Konstr\u00fcksiyon ve Sanayi \u0130letim Te\u00e7hizat\u0131<\/strong><\/p>\n\n\n\n<p><strong>\u2013 Al\u00e7\u0131 ve Al\u00e7\u0131 Blok \u00dcretimi<\/strong><\/p>\n\n\n\n<p><strong>\u2013 M\u00fchendislik, M\u00fc\u015favirlik ve Proje Hizmetleri<\/strong><\/p>\n","protected":false},"excerpt":{"rendered":"<p>\u2013 Baraj, T\u00fcnel ve Altyap\u0131 \u0130\u015fleri \u2013 Otoyol ve Karayolu Yap\u0131m \u0130\u015fleri\u2013 Toprak \u0130\u015fleri (Kaz\u0131 ve Dolgu)\u2013 B\u00fcy\u00fck ve K\u00fc\u00e7\u00fck Sanat Yap\u0131lar\u0131 (K\u00f6pr\u00fc, Viyad\u00fck, Menfez vb.)\u2013 Bit\u00fcml\u00fc S\u0131cak Kar\u0131\u015f\u0131m\u2013 Yol Bitirme \u0130\u015fleri (Trafik \u0130\u015faretleri, Otokorkuluk, Ayd\u0131nlatma, Sinyalizasyon ve Peyzaj) \u2013 Jeoteknik \u0130\u015fler\u2013 Ankraj, Kaz\u0131k, Jet Grout \u2013 Resmi ve \u00d6zel, Sosyal Bina ve Kompleks Yap\u0131lar &hellip; <\/p>\n<p class=\"link-more\"><a href=\"https:\/\/sargininsaat.com\/tr\/faaliyet-alanlari\/\" class=\"more-link\">Okumaya devam et<span class=\"screen-reader-text\"> &#8220;Faaliyet Alanlar\u0131&#8221;<\/span><\/a><\/p>\n","protected":false},"author":1,"featured_media":0,"parent":0,"menu_order":0,"comment_status":"closed","ping_status":"closed","template":"","meta":{"footnotes":""},"class_list":["post-524","page","type-page","status-publish","hentry"],"_links":{"self":[{"href":"https:\/\/sargininsaat.com\/tr\/wp-json\/wp\/v2\/pages\/524","targetHints":{"allow":["GET"]}}],"collection":[{"href":"https:\/\/sargininsaat.com\/tr\/wp-json\/wp\/v2\/pages"}],"about":[{"href":"https:\/\/sargininsaat.com\/tr\/wp-json\/wp\/v2\/types\/page"}],"author":[{"embeddable":true,"href":"https:\/\/sargininsaat.com\/tr\/wp-json\/wp\/v2\/users\/1"}],"replies":[{"embeddable":true,"href":"https:\/\/sargininsaat.com\/tr\/wp-json\/wp\/v2\/comments?post=524"}],"version-history":[{"count":1,"href":"https:\/\/sargininsaat.com\/tr\/wp-json\/wp\/v2\/pages\/524\/revisions"}],"predecessor-version":[{"id":525,"href":"https:\/\/sargininsaat.com\/tr\/wp-json\/wp\/v2\/pages\/524\/revisions\/525"}],"wp:attachment":[{"href":"https:\/\/sargininsaat.com\/tr\/wp-json\/wp\/v2\/media?parent=524"}],"curies":[{"name":"wp","href":"https:\/\/api.w.org\/{rel}","templated":true}]}}