{"id":665,"date":"2024-10-29T14:33:38","date_gmt":"2024-10-29T11:33:38","guid":{"rendered":"https:\/\/sargininsaat.com\/tr\/?page_id=665"},"modified":"2024-11-01T10:54:25","modified_gmt":"2024-11-01T07:54:25","slug":"teknik-ozellikler","status":"publish","type":"page","link":"https:\/\/sargininsaat.com\/tr\/teknik-ozellikler\/","title":{"rendered":"RAISEBORING \u2013 RHINO 1088 DC"},"content":{"rendered":"\n<h1 class=\"wp-block-heading has-text-align-center\"><strong>TEKN\u0130K \u00d6ZELL\u0130KLER<\/strong><\/h1>\n\n\n\n<figure class=\"wp-block-table\"><table class=\"has-fixed-layout\"><tbody><tr><td><strong>Delgi \u00c7ap\u0131 &nbsp;&nbsp;<\/strong><\/td><td>660 mm \u2013 2440 mm<\/td><\/tr><tr><td><strong>Bask\u0131 Kapasitesi<\/strong><\/td><td>4000 kN<\/td><\/tr><tr><td><strong>Tork Kapasitesi&nbsp; &nbsp; &nbsp; &nbsp; &nbsp; &nbsp; &nbsp; &nbsp; &nbsp; &nbsp; &nbsp; &nbsp; &nbsp; &nbsp; &nbsp; &nbsp;&nbsp;<\/strong><\/td><td><\/td><\/tr><tr><td>Max Operasyon Tork<br>Max Durdurma Tork<\/td><td>160 kNm<br>300 kNm<\/td><\/tr><tr><td><strong>G\u00fc\u00e7 \u0130htiyac\u0131<\/strong><\/td><td>400kVA (400V, 630A)<\/td><\/tr><tr><td>Rotasyon H\u0131z\u0131<strong>&nbsp;&nbsp; &nbsp; &nbsp; &nbsp; &nbsp; &nbsp; &nbsp; &nbsp; &nbsp; &nbsp; &nbsp; &nbsp; &nbsp; &nbsp; &nbsp;&nbsp;<\/strong><\/td><td><\/td><\/tr><tr><td>Pilot<br>Geni\u015fletme<\/td><td>0 \u2013 40 \u2013 60 RPM<br>1 \u2013 12 \u2013 21 RPM<\/td><\/tr><tr><td><strong>\u00dcretim Y\u0131l\u0131<\/strong><\/td><td>2012<\/td><\/tr><tr><td><strong>Makina Durumu<\/strong><\/td><td><\/td><\/tr><tr><td>G\u00fcncel<br>Upgrades<\/td><td>Tam G\u00fc\u00e7 \u00c7al\u0131\u015f\u0131r.<br>\u2013<\/td><\/tr><tr><td>A\u011f\u0131rl\u0131k<strong>&nbsp;&nbsp; &nbsp; &nbsp; &nbsp; &nbsp; &nbsp; &nbsp; &nbsp;<\/strong><\/td><td><\/td><\/tr><tr><td>Crawler ile Beraber<br>Crawler Hari\u00e7<\/td><td>22.500 kg<br>16.500 kg<\/td><\/tr><tr><td><strong>Y\u00fckseklik \/ Geni\u015flik \/ Uzunluk&nbsp; &nbsp; &nbsp; &nbsp; &nbsp; &nbsp; &nbsp; &nbsp; &nbsp; &nbsp; &nbsp; &nbsp; &nbsp; &nbsp; &nbsp; &nbsp;&nbsp;<\/strong><\/td><td><\/td><\/tr><tr><td>Y\u00fckseklik (Min\/Max)<br>Geni\u015flik<br>Uzunluk<br>Temel Kiri\u015f (H\/W\/L\/A\u011f\u0131rl\u0131k)<\/td><td>3.350 mm \/ 5.316 mm<br>1.620 mm (2890 mm with Rod Tutucu)<br>2.180 mm<br>370 mm \/ 1.620 mm \/ 2.180 mm \/ 1.300 kg<\/td><\/tr><tr><td>G\u00fc\u00e7 Paketi Bilgileri<strong>&nbsp;&nbsp; &nbsp; &nbsp; &nbsp; &nbsp; &nbsp; &nbsp; &nbsp; &nbsp; &nbsp; &nbsp; &nbsp; &nbsp; &nbsp;<\/strong><\/td><td><\/td><\/tr><tr><td>Elektrik<br>Hidrolik<\/td><td>2.500 x 1.250 x 1.840 mm (l x w x h) 2.230 kg<br>1.720 x 1.500 x 1.500 mm (l x w x h) 2.130 kg<\/td><\/tr><tr><td><strong>Rotasyon Motor Tipi<\/strong><\/td><td>2 x &nbsp;DC-motors<\/td><\/tr><tr><td><strong>Nakilye<\/strong><\/td><td>Crawler ile ta\u015f\u0131n\u0131r.<\/td><\/tr><tr><td>Delgi Tak\u0131m\u0131<strong>&nbsp;&nbsp; &nbsp; &nbsp; &nbsp; &nbsp; &nbsp; &nbsp; &nbsp; &nbsp; &nbsp; &nbsp; &nbsp; &nbsp; &nbsp;<\/strong><\/td><td><\/td><\/tr><tr><td>Rods<br>Stabilizers<\/td><td>10 inch (254 mm)<br>12 \u00bc inch (311 mm)<\/td><\/tr><\/tbody><\/table><\/figure>\n\n\n\n<h1 class=\"wp-block-heading has-text-align-center\"><strong>TANITIM V\u0130DEOLARI<\/strong><\/h1>\n\n\n\n<figure class=\"wp-block-table\"><table class=\"has-fixed-layout\"><tbody><tr><td class=\"has-text-align-center\" data-align=\"center\"><a href=\"http:\/\/www.youtube.com\/watch?v=VW3ahhxh6S4\" target=\"_blank\" rel=\"noreferrer noopener\"><img decoding=\"async\" src=\"https:\/\/sargininsaat.com\/tr\/wp-content\/uploads\/2024\/10\/youtube-logo-2.png\" alt=\"\"><\/a><br>VIDEO I<\/td><td class=\"has-text-align-center\" data-align=\"center\"><a href=\"http:\/\/www.youtube.com\/watch?v=oS-pTtsF3ao\" target=\"_blank\" rel=\"noreferrer noopener\"><img decoding=\"async\" src=\"https:\/\/sargininsaat.com\/tr\/wp-content\/uploads\/2024\/10\/youtube-logo-2.png\" alt=\"\"><\/a><br>VIDEO II<\/td><td class=\"has-text-align-center\" data-align=\"center\"><a href=\"https:\/\/www.youtube.com\/watch?v=BfkNde9pTgE\" target=\"_blank\" rel=\"noreferrer noopener\"><img decoding=\"async\" src=\"https:\/\/sargininsaat.com\/tr\/wp-content\/uploads\/2024\/10\/youtube-logo-2.png\" alt=\"\"><\/a><br>VIDEO III<\/td><td class=\"has-text-align-center\" data-align=\"center\"><a href=\"https:\/\/www.youtube.com\/watch?v=n4GEaHaPaG0&amp;t=4s&amp;ab_channel=tayfunerdo%C4%9Fan\" target=\"_blank\" rel=\"noreferrer noopener\"><img decoding=\"async\" src=\"https:\/\/sargininsaat.com\/tr\/wp-content\/uploads\/2024\/10\/youtube-logo-2.png\" alt=\"\"><\/a><br>VIDEO IV<\/td><\/tr><tr><td class=\"has-text-align-center\" data-align=\"center\"> <a href=\"https:\/\/sargininsaat.com\/tr\/wp-content\/uploads\/2024\/10\/Tanitim-rbm.jpg\" target=\"_blank\" rel=\"noreferrer noopener\"><strong><mark style=\"background-color:rgba(0, 0, 0, 0)\" class=\"has-inline-color has-luminous-vivid-orange-color\">RBM TANITIM<\/mark><\/strong><\/a><\/td><td class=\"has-text-align-center\" data-align=\"center\"><\/td><td class=\"has-text-align-center\" data-align=\"center\"><\/td><td class=\"has-text-align-center\" data-align=\"center\"><\/td><\/tr><\/tbody><\/table><\/figure>\n\n\n\n<h1 class=\"wp-block-heading has-text-align-center\"><strong>MAKALELER<\/strong><\/h1>\n\n\n\n<div class=\"wp-block-media-text is-stacked-on-mobile\" style=\"grid-template-columns:15% auto\"><figure class=\"wp-block-media-text__media\"><a href=\"https:\/\/sargininsaat.com\/tr\/wp-content\/uploads\/2024\/10\/WTC_2016_San-Francisco.pdf\" target=\"_blank\" rel=\"noopener\"><img loading=\"lazy\" decoding=\"async\" width=\"237\" height=\"300\" src=\"https:\/\/sargininsaat.com\/tr\/wp-content\/uploads\/2024\/10\/PDF.logo_-237x300-2.png\" alt=\"\" class=\"wp-image-697 size-full\"\/><\/a><\/figure><div class=\"wp-block-media-text__content\">\n<p><strong>2016 &#8211; San Francisco \/ Amerika<\/strong><br><strong>D\u00fcnya T\u00fcnel Kongresi<\/strong><br><br>Raise Boring \u015eaft A\u00e7ma Makinesinin Balya Pb-Zn Yeralt\u0131 Madenindeki Performans\u0131n\u0131n De\u011ferlendirilmesi<\/p>\n<\/div><\/div>\n\n\n\n<div class=\"wp-block-media-text is-stacked-on-mobile\" style=\"grid-template-columns:15% auto\"><figure class=\"wp-block-media-text__media\"><a href=\"https:\/\/sargininsaat.com\/tr\/wp-content\/uploads\/2024\/10\/UYAK-2018-Makale.pdf\" target=\"_blank\" rel=\"noreferrer noopener\"><img loading=\"lazy\" decoding=\"async\" width=\"237\" height=\"300\" src=\"https:\/\/sargininsaat.com\/tr\/wp-content\/uploads\/2024\/10\/PDF.logo_-237x300-2.png\" alt=\"\" class=\"wp-image-697 size-full\"\/><\/a><\/figure><div class=\"wp-block-media-text__content\">\n<p><strong>2018 &#8211; \u0130stanbul \/ T\u00fcrkiye<\/strong><br><strong>4. Uluslararas\u0131 Yeralt\u0131 Kaz\u0131lar\u0131 Sempozyumu ve Sergisi (UYAK)<\/strong><br><br>Balya Kur\u015fun-\u00c7inko Madeninde Ba\u015f yukar\u0131 Delme Makinesinin (BDM) Performans De\u011ferlendirmesi<\/p>\n<\/div><\/div>\n\n\n\n<p><\/p>\n","protected":false},"excerpt":{"rendered":"<p>TEKN\u0130K \u00d6ZELL\u0130KLER Delgi \u00c7ap\u0131 &nbsp;&nbsp; 660 mm \u2013 2440 mm Bask\u0131 Kapasitesi 4000 kN Tork Kapasitesi&nbsp; &nbsp; &nbsp; &nbsp; &nbsp; &nbsp; &nbsp; &nbsp; &nbsp; &nbsp; &nbsp; &nbsp; &nbsp; &nbsp; &nbsp; &nbsp;&nbsp; Max Operasyon TorkMax Durdurma Tork 160 kNm300 kNm G\u00fc\u00e7 \u0130htiyac\u0131 400kVA (400V, 630A) Rotasyon H\u0131z\u0131&nbsp;&nbsp; &nbsp; &nbsp; &nbsp; &nbsp; &nbsp; &nbsp; &nbsp; &nbsp; &nbsp; &hellip; <\/p>\n<p class=\"link-more\"><a href=\"https:\/\/sargininsaat.com\/tr\/teknik-ozellikler\/\" class=\"more-link\">Okumaya devam et<span class=\"screen-reader-text\"> &#8220;RAISEBORING \u2013 RHINO 1088 DC&#8221;<\/span><\/a><\/p>\n","protected":false},"author":1,"featured_media":0,"parent":0,"menu_order":0,"comment_status":"closed","ping_status":"closed","template":"","meta":{"footnotes":""},"class_list":["post-665","page","type-page","status-publish","hentry"],"_links":{"self":[{"href":"https:\/\/sargininsaat.com\/tr\/wp-json\/wp\/v2\/pages\/665","targetHints":{"allow":["GET"]}}],"collection":[{"href":"https:\/\/sargininsaat.com\/tr\/wp-json\/wp\/v2\/pages"}],"about":[{"href":"https:\/\/sargininsaat.com\/tr\/wp-json\/wp\/v2\/types\/page"}],"author":[{"embeddable":true,"href":"https:\/\/sargininsaat.com\/tr\/wp-json\/wp\/v2\/users\/1"}],"replies":[{"embeddable":true,"href":"https:\/\/sargininsaat.com\/tr\/wp-json\/wp\/v2\/comments?post=665"}],"version-history":[{"count":27,"href":"https:\/\/sargininsaat.com\/tr\/wp-json\/wp\/v2\/pages\/665\/revisions"}],"predecessor-version":[{"id":731,"href":"https:\/\/sargininsaat.com\/tr\/wp-json\/wp\/v2\/pages\/665\/revisions\/731"}],"wp:attachment":[{"href":"https:\/\/sargininsaat.com\/tr\/wp-json\/wp\/v2\/media?parent=665"}],"curies":[{"name":"wp","href":"https:\/\/api.w.org\/{rel}","templated":true}]}}