{"id":71,"date":"2024-10-15T13:58:37","date_gmt":"2024-10-15T10:58:37","guid":{"rendered":"https:\/\/sargininsaat.com\/tr\/?page_id=71"},"modified":"2025-02-21T14:39:02","modified_gmt":"2025-02-21T11:39:02","slug":"ortakliklar-ve-temsilcilikler","status":"publish","type":"page","link":"https:\/\/sargininsaat.com\/tr\/ortakliklar-ve-temsilcilikler\/","title":{"rendered":"Ortaklar ve Temsilcilikler"},"content":{"rendered":"\n<div class=\"wp-block-media-text is-stacked-on-mobile is-vertically-aligned-top\" style=\"grid-template-columns:15% auto\"><figure class=\"wp-block-media-text__media\"><img loading=\"lazy\" decoding=\"async\" width=\"500\" height=\"500\" src=\"https:\/\/sargininsaat.com\/tr\/wp-content\/uploads\/2024\/10\/aks_lowres_RGB.jpg\" alt=\"\" class=\"wp-image-330 size-full\" srcset=\"https:\/\/sargininsaat.com\/tr\/wp-content\/uploads\/2024\/10\/aks_lowres_RGB.jpg 500w, https:\/\/sargininsaat.com\/tr\/wp-content\/uploads\/2024\/10\/aks_lowres_RGB-300x300.jpg 300w, https:\/\/sargininsaat.com\/tr\/wp-content\/uploads\/2024\/10\/aks_lowres_RGB-150x150.jpg 150w, https:\/\/sargininsaat.com\/tr\/wp-content\/uploads\/2024\/10\/aks_lowres_RGB-100x100.jpg 100w\" sizes=\"auto, (max-width: 500px) 100vw, 500px\" \/><\/figure><div class=\"wp-block-media-text__content\">\n<p><strong>AKS GRUP ELEKTR\u0130K ENERJ\u0130 TOPTAN ALI\u015e SATI\u015e LTD.\u015eT\u0130.<\/strong><\/p>\n\n\n\n<p>\u0130lkbahar Mah. 608. Sk. No.9 Y\u0131ld\u0131z<br>Ankara \/ T\u00dcRK\u0130YE<br>Tel: +90 312 229 27 00 \u2013 Faks: +90 312 229 42 90<\/p>\n<\/div><\/div>\n\n\n\n<h6 class=\"wp-block-heading\"><\/h6>\n\n\n\n<p><\/p>\n","protected":false},"excerpt":{"rendered":"<p>AKS GRUP ELEKTR\u0130K ENERJ\u0130 TOPTAN ALI\u015e SATI\u015e LTD.\u015eT\u0130. \u0130lkbahar Mah. 608. Sk. No.9 Y\u0131ld\u0131zAnkara \/ T\u00dcRK\u0130YETel: +90 312 229 27 00 \u2013 Faks: +90 312 229 42 90<\/p>\n","protected":false},"author":1,"featured_media":0,"parent":0,"menu_order":0,"comment_status":"closed","ping_status":"closed","template":"","meta":{"footnotes":""},"class_list":["post-71","page","type-page","status-publish","hentry"],"_links":{"self":[{"href":"https:\/\/sargininsaat.com\/tr\/wp-json\/wp\/v2\/pages\/71","targetHints":{"allow":["GET"]}}],"collection":[{"href":"https:\/\/sargininsaat.com\/tr\/wp-json\/wp\/v2\/pages"}],"about":[{"href":"https:\/\/sargininsaat.com\/tr\/wp-json\/wp\/v2\/types\/page"}],"author":[{"embeddable":true,"href":"https:\/\/sargininsaat.com\/tr\/wp-json\/wp\/v2\/users\/1"}],"replies":[{"embeddable":true,"href":"https:\/\/sargininsaat.com\/tr\/wp-json\/wp\/v2\/comments?post=71"}],"version-history":[{"count":15,"href":"https:\/\/sargininsaat.com\/tr\/wp-json\/wp\/v2\/pages\/71\/revisions"}],"predecessor-version":[{"id":773,"href":"https:\/\/sargininsaat.com\/tr\/wp-json\/wp\/v2\/pages\/71\/revisions\/773"}],"wp:attachment":[{"href":"https:\/\/sargininsaat.com\/tr\/wp-json\/wp\/v2\/media?parent=71"}],"curies":[{"name":"wp","href":"https:\/\/api.w.org\/{rel}","templated":true}]}}