{"id":73,"date":"2024-10-15T13:57:42","date_gmt":"2024-10-15T10:57:42","guid":{"rendered":"https:\/\/sargininsaat.com\/tr\/?page_id=73"},"modified":"2024-10-23T14:50:30","modified_gmt":"2024-10-23T11:50:30","slug":"bilgi-toplumu-hizmetleri","status":"publish","type":"page","link":"https:\/\/sargininsaat.com\/tr\/bilgi-toplumu-hizmetleri\/","title":{"rendered":"Bilgi Toplum Hizmetleri"},"content":{"rendered":"\n<p>DETAYLI B\u0130LG\u0130 \u0130\u00c7\u0130N L\u00dcTFEN A\u015eA\u011eIDAK\u0130 BA\u011eLANTIYI TIKLAYINIZ.<br><a href=\"https:\/\/e-sirket.mkk.com.tr\/esir\/Dashboard.jsp#\/sirketbilgileri\/14823\" target=\"_blank\" rel=\"noreferrer noopener\">https:\/\/e-sirket.mkk.com.tr\/esir\/Dashboard.jsp#\/sirketbilgileri\/14823<\/a><\/p>\n","protected":false},"excerpt":{"rendered":"<p>DETAYLI B\u0130LG\u0130 \u0130\u00c7\u0130N L\u00dcTFEN A\u015eA\u011eIDAK\u0130 BA\u011eLANTIYI TIKLAYINIZ.https:\/\/e-sirket.mkk.com.tr\/esir\/Dashboard.jsp#\/sirketbilgileri\/14823<\/p>\n","protected":false},"author":1,"featured_media":0,"parent":0,"menu_order":0,"comment_status":"closed","ping_status":"closed","template":"","meta":{"footnotes":""},"class_list":["post-73","page","type-page","status-publish","hentry"],"_links":{"self":[{"href":"https:\/\/sargininsaat.com\/tr\/wp-json\/wp\/v2\/pages\/73","targetHints":{"allow":["GET"]}}],"collection":[{"href":"https:\/\/sargininsaat.com\/tr\/wp-json\/wp\/v2\/pages"}],"about":[{"href":"https:\/\/sargininsaat.com\/tr\/wp-json\/wp\/v2\/types\/page"}],"author":[{"embeddable":true,"href":"https:\/\/sargininsaat.com\/tr\/wp-json\/wp\/v2\/users\/1"}],"replies":[{"embeddable":true,"href":"https:\/\/sargininsaat.com\/tr\/wp-json\/wp\/v2\/comments?post=73"}],"version-history":[{"count":3,"href":"https:\/\/sargininsaat.com\/tr\/wp-json\/wp\/v2\/pages\/73\/revisions"}],"predecessor-version":[{"id":440,"href":"https:\/\/sargininsaat.com\/tr\/wp-json\/wp\/v2\/pages\/73\/revisions\/440"}],"wp:attachment":[{"href":"https:\/\/sargininsaat.com\/tr\/wp-json\/wp\/v2\/media?parent=73"}],"curies":[{"name":"wp","href":"https:\/\/api.w.org\/{rel}","templated":true}]}}