{"id":75,"date":"2024-10-15T13:57:51","date_gmt":"2024-10-15T10:57:51","guid":{"rendered":"https:\/\/sargininsaat.com\/tr\/?page_id=75"},"modified":"2024-10-24T09:14:45","modified_gmt":"2024-10-24T06:14:45","slug":"devam-eden-projeler","status":"publish","type":"page","link":"https:\/\/sargininsaat.com\/tr\/devam-eden-projeler\/","title":{"rendered":"Yurt D\u0131\u015f\u0131 Projeler"},"content":{"rendered":"\n<p><strong>2013 \u2013 B\u0130N LADIN GRUP<\/strong><br>Mekke \u2013 Haram B\u00f6lgesindeki Karayolu, Yaya Ge\u00e7i\u015f T\u00fcnellerinin Su Yal\u0131t\u0131m\u0131 \u0130\u015fleri \/ MEKKE<\/p>\n\n\n\n<p><strong>2013 \u2013 B\u0130N LADIN GRUP<\/strong><br>Jamarat 3. A\u015fama Shoaibain Ba\u011flant\u0131 Projesi,<br>Karayolu T\u00fcneli Kaplama Betonu, \u00c7elik \u0130ksa ve \u00c7elik Donat\u0131 \u0130\u015fleri \/ MEKKE<\/p>\n\n\n\n<p><strong>2008 \u2013 BECHTEL \u2013 ENKA J.V.<\/strong><br>Rreshen \u2013 Kalimash Otoyol T\u00fcneli Kaz\u0131, Su Yal\u0131t\u0131m\u0131, Kaplama \u0130\u015fleri \/ ARNAVUTLUK<\/p>\n\n\n\n<p><strong>2006 \u2013 GAMA INDUSRTY ARABIA LTD.<\/strong><br>Yamama 5 Projesi C119 1.K\u0131s\u0131m T\u00fcneli \u0130n\u015faat\u0131 Kaz\u0131 ve Tahkimat \u0130\u015fleri \/ R\u0130YAD<\/p>\n\n\n\n<p><strong>2005 \u2013 S. ARAB\u0130STAN KRALLI\u011eI SU VE ELEKTR\u0130K \u0130\u015eLER\u0130 BAKANLI\u011eI<\/strong><br>Al-Lith Baraj\u0131 Projesi Kapsam\u0131ndaki Memba ve Mansap Batardolar\u0131 Sondaj &amp; Enjeksiyon \u0130\u015fleri \/ C\u0130DDE<\/p>\n\n\n\n<p><strong>2005 \u2013 S. ARAB\u0130STAN KRALLI\u011eI SU VE ELEKTR\u0130K \u0130\u015eLER\u0130 BAKANLI\u011eI<\/strong><br>Al-Lith Baraj\u0131 Projesi Kapsam\u0131ndaki Derivasyon T\u00fcneli ve Ula\u015f\u0131m Galerisi \u0130n\u015faat\u0131 \u0130\u015fi \/ C\u0130DDE<\/p>\n\n\n\n<p><strong>2005 \u2013 ALAW\u0130 TUNS\u0130 M\u00dcESSESES\u0130 TAAH. T\u0130C. SAN.<\/strong><br>Kral Halid K\u00f6pr\u00fcs\u00fc Al-Muays\u0131m Yolu 2. B\u00f6l\u00fcm\u00fcne Kadar Uzalt\u0131lmas\u0131 Projesi Kapsam\u0131ndaki Mina-Al Muays\u0131m Aras\u0131 T\u00fcnel Su Yal\u0131t\u0131m\u0131, Kaplama \u0130\u015fleri (B\u00f6l\u00fcm II) \/ MEKKE<\/p>\n\n\n\n<p><strong>2005 \u2013 Y\u00dcKSEL&nbsp;\u0130N\u015eAAT&nbsp;SAUDIA CO. LTD.&nbsp;<\/strong><br>Murwani Baraj\u0131 Projesi, Derivasyon T\u00fcneli Kaz\u0131s\u0131 ve T\u00fcnel Kaplama Beton \u0130\u015fleri \/ C\u0130DDE<\/p>\n\n\n\n<p><strong>2004 \u2013 ZAFER&nbsp;\u0130N\u015eAAT&nbsp;A.\u015e.<\/strong><br>Apron ve At\u0131k Su Ar\u0131tma Tesisi Toprak \u0130\u015fleri \/ BALAD<\/p>\n\n\n\n<p><strong>2004 \u2013 ALAW\u0130 TUNS\u0130 M\u00dcESSESES\u0130 TAAH. T\u0130C. SAN.<\/strong><br>Kral Halid K\u00f6pr\u00fcs\u00fc Al-Muays\u0131m Yolu 2. B\u00f6l\u00fcm\u00fcne Kadar Uzalt\u0131lmas\u0131 Projesi Kapsam\u0131ndaki Mina-Al Muays\u0131m Aras\u0131 T\u00fcnel Kaz\u0131, Tahkimat \u0130\u015fleri (B\u00f6l\u00fcm I) \/ MEKKE<\/p>\n\n\n\n<p><strong>2003 \u2013 ZAFER&nbsp;\u0130N\u015eAAT&nbsp;A.\u015e.<\/strong><br>US Army Corps Tiflis Helikopter U\u00e7ak Park Sahas\u0131 D\u00fczenleme \u0130\u015fi \/ T\u0130FL\u0130S<\/p>\n","protected":false},"excerpt":{"rendered":"<p>2013 \u2013 B\u0130N LADIN GRUPMekke \u2013 Haram B\u00f6lgesindeki Karayolu, Yaya Ge\u00e7i\u015f T\u00fcnellerinin Su Yal\u0131t\u0131m\u0131 \u0130\u015fleri \/ MEKKE 2013 \u2013 B\u0130N LADIN GRUPJamarat 3. A\u015fama Shoaibain Ba\u011flant\u0131 Projesi,Karayolu T\u00fcneli Kaplama Betonu, \u00c7elik \u0130ksa ve \u00c7elik Donat\u0131 \u0130\u015fleri \/ MEKKE 2008 \u2013 BECHTEL \u2013 ENKA J.V.Rreshen \u2013 Kalimash Otoyol T\u00fcneli Kaz\u0131, Su Yal\u0131t\u0131m\u0131, Kaplama \u0130\u015fleri \/ ARNAVUTLUK &hellip; <\/p>\n<p class=\"link-more\"><a href=\"https:\/\/sargininsaat.com\/tr\/devam-eden-projeler\/\" class=\"more-link\">Okumaya devam et<span class=\"screen-reader-text\"> &#8220;Yurt D\u0131\u015f\u0131 Projeler&#8221;<\/span><\/a><\/p>\n","protected":false},"author":1,"featured_media":0,"parent":0,"menu_order":0,"comment_status":"closed","ping_status":"closed","template":"","meta":{"footnotes":""},"class_list":["post-75","page","type-page","status-publish","hentry"],"_links":{"self":[{"href":"https:\/\/sargininsaat.com\/tr\/wp-json\/wp\/v2\/pages\/75","targetHints":{"allow":["GET"]}}],"collection":[{"href":"https:\/\/sargininsaat.com\/tr\/wp-json\/wp\/v2\/pages"}],"about":[{"href":"https:\/\/sargininsaat.com\/tr\/wp-json\/wp\/v2\/types\/page"}],"author":[{"embeddable":true,"href":"https:\/\/sargininsaat.com\/tr\/wp-json\/wp\/v2\/users\/1"}],"replies":[{"embeddable":true,"href":"https:\/\/sargininsaat.com\/tr\/wp-json\/wp\/v2\/comments?post=75"}],"version-history":[{"count":12,"href":"https:\/\/sargininsaat.com\/tr\/wp-json\/wp\/v2\/pages\/75\/revisions"}],"predecessor-version":[{"id":560,"href":"https:\/\/sargininsaat.com\/tr\/wp-json\/wp\/v2\/pages\/75\/revisions\/560"}],"wp:attachment":[{"href":"https:\/\/sargininsaat.com\/tr\/wp-json\/wp\/v2\/media?parent=75"}],"curies":[{"name":"wp","href":"https:\/\/api.w.org\/{rel}","templated":true}]}}