{"id":77,"date":"2024-10-15T13:58:43","date_gmt":"2024-10-15T10:58:43","guid":{"rendered":"https:\/\/sargininsaat.com\/tr\/?page_id=77"},"modified":"2024-10-24T09:16:59","modified_gmt":"2024-10-24T06:16:59","slug":"tamamlanan-projeler","status":"publish","type":"page","link":"https:\/\/sargininsaat.com\/tr\/tamamlanan-projeler\/","title":{"rendered":"Yurt \u0130\u00e7i Projeler"},"content":{"rendered":"\n<p><strong>2024 \u2013 ET\u0130 BAKIR A.\u015e.<\/strong><br>Madenk\u00f6y Bak\u0131r Madeni \u0130\u015fletmesi<br>Yeralt\u0131 Haz\u0131rl\u0131k Galerisi Kaz\u0131 Ve \u00d6n Tahkimat \u0130\u015fi \/ S\u0130\u0130RT<\/p>\n\n\n\n<p><strong>2023 \u2013 ET\u0130 BAKIR A.\u015e.<\/strong><br>Murgul Yeralt\u0131 Bak\u0131r Madeni \u0130\u015fletmesi<br>Yeralt\u0131 Haz\u0131rl\u0131k Galerisi Kaz\u0131 Ve \u00d6n Tahkimat \u0130\u015fi \/ ARTV\u0130N<\/p>\n\n\n\n<p><strong>2023 \u2013 ET\u0130 BAKIR A.\u015e.<\/strong><br>Ko\u00e7ali Yeralt\u0131 Bak\u0131r Madeni \u0130\u015fletmesi<br>Yeralt\u0131  Galerileri Kaz\u0131, \u00d6n Tahkimat ve Tamir \u0130\u015fi \/ ADIYAMAN<\/p>\n\n\n\n<p><strong>2020 \u2013 ET\u0130BAKIR \u0130\u015eLETMELER\u0130 A.\u015e.<\/strong><br>Madenk\u00f6y Bak\u0131r Madeni \u0130\u015fletmesi<br>Dekapaj \u0130\u015fleri 1 \/ S\u0130\u0130RT<\/p>\n\n\n\n<p><strong>2019 \u2013 KRP OTOYOL \u0130N\u015eAATI A.O. \u0130\u015eLETMES\u0130<\/strong><br>Kuzey Marmara Otoyolu Projesi<br>Cebeci T\u00fcneli Km 67+700 \u015eaft, Yakla\u015f\u0131m T\u00fcneli Ve Km 67+340 \u2013 68+330 Aras\u0131 T\u00fcnel (Kaz\u0131, Destek Ve Beton Kaplama) Yap\u0131m \u0130\u015fi \/ \u0130STANBUL<\/p>\n\n\n\n<p><strong>2018 \u2013 DS\u0130 GENEL M\u00dcD\u00dcRL\u00dc\u011e\u00dc<\/strong><br>Deriner Baraj\u0131 Devlet \u0130l Ve K\u00f6y Relokasyon Yollar\u0131 \u0130\u015fletme, Bak\u0131m, Onar\u0131m Ve Yap\u0131m \u0130\u015fi 1 K\u0131s\u0131m, Karayolu T\u00fcneli Ve Ba\u011flant\u0131 Yollar\u0131 Rehabilitasyon \u0130\u015fi \/ ARTV\u0130N<\/p>\n\n\n\n<p><strong>2018 \u2013 ET\u0130BAKIR \u0130\u015eLETMELER\u0130 A.\u015e.<\/strong><br>Murgul Bak\u0131r Maden \u0130\u015fletmesi<br>E\u011fimli Galeri Yap\u0131m \u0130\u015fi \/ ARTV\u0130N<\/p>\n\n\n\n<p><strong>2018 \u2013 MAYA \u2013 YILSAN A.O.<\/strong><br>\u0130stanbul Anatolium AVM-Metro Ba\u011flant\u0131 \u015eaft\u0131 ve T\u00fcneli Yap\u0131m \u0130\u015fleri \/ \u0130STANBUL<\/p>\n\n\n\n<p><strong>2016 \u2013 TREND \u0130N\u015eAAT T\u0130CARET LTD.\u015eT\u0130.<\/strong><br>Adana-Kozan Ayr\u0131m\u0131 \u2013 Mansurlu Yolu Projesi Kapsam\u0131ndaki, \u015eev&nbsp;ve Palye Destekleme \u0130\u015fleri&nbsp;&nbsp;\/&nbsp;ADANA<\/p>\n\n\n\n<p><strong>2016 \u2013 G\u00dcLERMAK \u2013 KOL\u0130N \u2013 KALYON YAPIM ORTAKLI\u011eI<\/strong><br>Mahmutbey \u2013 Mecidiyek\u00f6y Metro Hatt\u0131,<br>Km 6+584 Abidiyeyi H\u00fcrriyet \u015eaft\u0131 ve Km 6+060&nbsp; Makas \u015eaft\u0131ndan \u00c7al\u0131\u015f\u0131larak Km 6+875 ile 5+891 Aras\u0131 T\u00fcnel \u0130\u015fleri&nbsp;&nbsp;\/ \u0130STANBUL<\/p>\n\n\n\n<p><strong>2016 \u2013 ENERJ\u0130SA ENERJ\u0130 \u00dcRET\u0130M A.\u015e.<\/strong><br>Do\u011fan\u00e7ay Reg\u00fclat\u00f6r\u00fc ve HES&nbsp;\u0130n\u015faat\u0131 Projesi,<br>TBM ile T\u00fcnel Yap\u0131m, Beton, Demir, K\u00f6pr\u00fc ve Hidromekanik \u0130\u015fleri \/&nbsp;ADANA<\/p>\n\n\n\n<p><strong>2015 \u2013 DO\u011eU\u015e \u0130N\u015eAAT VE T\u0130CARET A.\u015e.<\/strong><br>\u00dcsk\u00fcdar \u2013 \u00dcmraniye \u2013 \u00c7ekmek\u00f6y Metrosu \u0130n\u015faat\u0131 Projesi, T\u00fcnel Yap\u0131m \u0130\u015fleri &nbsp; \/&nbsp;\u0130STANBUL<\/p>\n\n\n\n<p><strong>2015 \u2013 DO\u011eU\u015e \u0130N\u015eAAT VE T\u0130CARET A.\u015e.<\/strong><br>Artvin Baraj\u0131 ve HES Projesi, Havuzlu By-Pass T\u00fcneli \u2013 Kaz\u0131, Betonarme Kaplama \u0130\u015fleri \/ ARTV\u0130N<\/p>\n\n\n\n<p><strong>2014 \u2013 ALANYA B\u00dcY\u00dcK\u015eEH\u0130R BELED\u0130YES\u0130<\/strong><br>300 Ara\u00e7 Kapasiteli Katl\u0131&nbsp;Otopark \u0130n\u015faat\u0131,&nbsp;Elektromekanik ve Elektrik \u0130\u015fleri&nbsp;\/ ALANYA<\/p>\n\n\n\n<p><strong>2013 \u2013 AYSON GEOTEKN\u0130K VE DEN\u0130Z \u0130N\u015eAAT A.\u015e.<\/strong><br>Artvin \u2013 Erzurum Devlet Yolu Relokasyon Projesi,<br>T8 \u2013 T9 \u2013 T10 \u2013 T11 T\u00fcneli \u2013 Kaz\u0131, Su Yal\u0131t\u0131m\u0131 ve Kaplama Beton \u0130\u015fleri \/ ARTV\u0130N<\/p>\n\n\n\n<p><strong>2013 \u2013 SAF GAYR\u0130MENKUL GEL\u0130\u015eT\u0130RME VE \u0130N\u015eAAT A.\u015e.<\/strong><br>Kad\u0131k\u00f6y \u2013 Kartal Metrosu&nbsp;\/ \u00dcnalan \u0130stasyonu ve Ac\u0131badem Metrob\u00fcs Dura\u011f\u0131 ile Akasya Ac\u0131badem Aras\u0131 Yaya Ba\u011flant\u0131 T\u00fcneli Yap\u0131m \u0130\u015fi<br>\u0130nce \u0130\u015fler, Elektrik ve Mekanik Tesisat&nbsp;\u0130\u015fleri \/ \u0130STANBUL<\/p>\n\n\n\n<p><strong>2013 \u2013 SAF GAYR\u0130MENKUL GEL\u0130\u015eT\u0130RME VE \u0130N\u015eAAT A.\u015e.<\/strong><br>Kad\u0131k\u00f6y \u2013 Kartal Metrosu&nbsp;\/ \u00dcnalan \u0130stasyonu ve Ac\u0131badem Metrob\u00fcs Dura\u011f\u0131 ile Akasya Ac\u0131badem Aras\u0131 Yaya Ba\u011flant\u0131 T\u00fcneli Yap\u0131m \u0130\u015fi Kaz\u0131, Tahkimat, Su Yal\u0131t\u0131m\u0131, Kaplama, Jetgrout ve Forekaz\u0131k \u0130\u015fleri \/ \u0130STANBUL<\/p>\n\n\n\n<p><strong>2013 \u2013 ESAN ECZACIBA\u015eI&nbsp;<\/strong><br>Balya Zn \u2013 Pb Madeni Haz\u0131rl\u0131k Projesi \/ Galeri Kaz\u0131s\u0131 ve Tahkimatlar\u0131 \u0130\u015fleri \/ BALIKES\u0130R<\/p>\n\n\n\n<p><strong>2012 \u2013 MORALI APARTMANI<\/strong><br>Has\u0131lat Payla\u015f\u0131m\u0131 Yap\u0131m \u0130\u015fi 132 Pafta, 45 Ada, 39 Parsel \/ \u0130STANBUL<\/p>\n\n\n\n<p><strong>2012 \u2013 T\u00dcB\u0130TAK<\/strong><br>T\u00dcB\u0130TAK Marmara Ara\u015ft\u0131rma Merkezi Kimya Enstit\u00fcs\u00fc Laboratuvar\u0131 Ek Bina Yap\u0131m \u0130\u015fi,&nbsp;\u0130n\u015faat + Mekanik Tesisat + Elektrik Tesisat \u0130\u015fleri \u2013 Gebze&nbsp; \/ KOCAEL\u0130<\/p>\n\n\n\n<p><strong>2011 \u2013 AVRASYA GRUP (Astaldi \u2013 Makyol \u2013 G\u00fclermak A.O.)<\/strong><br>Kad\u0131k\u00f6y \u2013 Kartal Metrosu&nbsp;\/ \u0130kmal \u0130n\u015faat\u0131 ve Elektro-Mekanik Sistemler Temin, Montaj ve \u0130\u015fletmeye Alma \u0130\u015fleri &nbsp;S04A (Ac\u0131badem) \u015eaft \u015eantiyesi \/ \u0130STANBUL<\/p>\n\n\n\n<p><strong>2011 \u2013 G\u00dcR\u0130\u015e \u0130N\u015eAAT VE M\u00dcHEND\u0130SL\u0130K A.\u015e.<\/strong><br>Ankara Metrosu III. A\u015fama Bat\u0131kent-Sincan (T\u00f6rekent) Bina ve \u0130n\u015faat Projesi, Ba\u015fkent Bulvar\u0131 Delme T\u00fcnel Yap\u0131m \u0130\u015fleri \/ ANKARA<\/p>\n\n\n\n<p><strong>2010 \u2013 SARGIN \u0130N\u015eAAT VE MAK\u0130NE SAN.T\u0130C.A\u015e.<\/strong><br>Sarg\u0131n Merkez Bina \u0130n\u015faat\u0131 \/ ANKARA<\/p>\n\n\n\n<p><strong>2009 \u2013 DO\u011eU\u015e \u0130N\u015eAAT VE T\u0130CARET A.\u015e.<\/strong><br>Boyabat Baraj\u0131 ve HES Projesi Ula\u015f\u0131m T\u00fcneli Kaz\u0131 Tahkimat \u0130\u015fleri \/ S\u0130NOP<\/p>\n\n\n\n<p><strong>2009 \u2013 YAPISAN ELEKTR\u0130K \u00dcRET\u0130M A.\u015e.<\/strong><br>Kar\u0131ca Reg\u00fclat\u00f6r\u00fc ve Dar\u0131ca \u2013 I HES \u0130n\u015faat\u0131 Kapsam\u0131ndaki Ana T\u00fcnel, Denge Bacas\u0131 \u015eaft\u0131 ve Cebri Boru Yatay D\u00fc\u015fey \u015eaftlar\u0131n\u0131n Kaz\u0131 \u0130\u015fleri \/ ORDU<\/p>\n\n\n\n<p><strong>2008 \u2013 G\u00dcLERMAK \u2013 DO\u011eU\u015e A.O.<\/strong><br>\u0130kitelli G\u00fcney Sanayi Metro \u0130stasyonu \u0130n\u015faat\u0131 Kapsam\u0131ndaki \u0130ksa \u0130\u015fleri \/ \u0130STANBUL<\/p>\n\n\n\n<p><strong>2008 \u2013 CHRYSMA \u0130N\u015eAAT TUR\u0130ZM SAN.LTD.\u015eT\u0130.<\/strong><br>Cihangir Resident Bina Temeli Kaz\u0131s\u0131, Ankraj ve Beton \u0130\u015fleri \/ \u0130STANBUL<\/p>\n\n\n\n<p><strong>2008 \u2013 G\u00dcR\u0130\u015e \u0130N\u015eAAT VE M\u00dcHEND\u0130SL\u0130K A.\u015e.<\/strong><br>Kralk\u0131z\u0131 \u2013 Dicle Cazibe Sulamas\u0131 \u0130sale Kanal\u0131 ve Silopi-Ned\u00fc\u015f Sol Sahil T\u00fcnel \u0130kmali \u0130n\u015faat\u0131 Kapsam\u0131nda, Diyarbak\u0131r \u015eehir \u0130\u00e7i Emek Caddesi Ge\u00e7i\u015fi (Km:34+496.36 \u2013 34+681.62) Beton, \u00c7elik Kaplamal\u0131 Galeri ve T\u00fcnel \u0130n\u015faat\u0131 \/ D\u0130YARBAKIR<\/p>\n\n\n\n<p><strong>2008 \u2013 NATA \u0130N\u015eAAT SANAY\u0130 VE T\u0130CARET LTD.\u015eT\u0130.<\/strong><br>Erikli Akocak Reg\u00fclat\u00f6rleri ve Akocak HES \u0130n\u015faat\u0131 Kapsam\u0131nda T2, T3, T4, T5 T\u00fcnelleri Kaz\u0131 \u0130\u015fleri \/ TRABZON<\/p>\n\n\n\n<p><strong>2008 \u2013 GARANT\u0130 KOZA \u2013 ALS\u0130M ALARKO A.O.<\/strong><br>4. Levent \u2013 Ayaza\u011fa Kesimi, Depo Sahas\u0131na Ba\u011flant\u0131 Hatlar\u0131nda Maslak Yakla\u015f\u0131m Rampas\u0131, T\u00fcnel Kaz\u0131 \u0130n\u015faat\u0131 \u0130\u015fi \/ \u0130STANBUL<\/p>\n\n\n\n<p><strong>2008 \u2013 GARANT\u0130 KOZA \u2013 ALS\u0130M ALARKO A.O.<\/strong><br>4. Levent \u2013 Ayaza\u011fa Kesimi, Depo Sahas\u0131na Ba\u011flant\u0131 Hatlar\u0131nda \u015eaft 2 ve T\u00fcnel Kaz\u0131 \u0130n\u015faat\u0131 \u0130\u015fi&nbsp;\/ \u0130STANBUL<\/p>\n\n\n\n<p><strong>2006 \u2013 L\u0130MAK \u2013 KOL\u0130N A.O.<\/strong><br>Karadeniz Sahil Yolu Espiye \u2013 \u00c7ar\u015f\u0131ba\u015f\u0131 (GGD) (\u0130kmal) Yolu Eynesil B T\u00fcneli \u0130n\u015faat\u0131 \/ G\u0130RESUN<\/p>\n\n\n\n<p><strong>2006 \u2013 Y\u00dcKSEL \u0130N\u015eAAT A.\u015e.<\/strong><br>Bor\u00e7ka \u2013 Artvin Karayolu T3 \u2013 T4 T\u00fcnelleri \u0130n\u015faat\u0131 \/ ARTV\u0130N<\/p>\n\n\n\n<p><strong>2005 \u2013 NUROL \u2013 TEKFEN \u2013 Y\u00dcKSEL A.O.<\/strong><br>Bolaman \u2013 Per\u015fembe Karayolu Yap\u0131m \u0130\u015finde Ak\u00e7aova Vadisi Km:15+960 \u2013 17+720 Aras\u0131 Kaz\u0131 \u2013 Dolgu ve \u015eev Koruma \u0130\u015fleri \/ ORDU<\/p>\n\n\n\n<p><strong>2005 \u2013 BOTA\u015e BORU HATLARI \/ PETROL TA\u015eIMA A.\u015e.<\/strong><br>Ceyhan ve D\u00f6rtyol \u0130skeleleri Beton Korozyonu Onar\u0131m \u0130\u015fi \/ ADANA<\/p>\n\n\n\n<p><strong>2004 \u2013 G\u00d6\u00c7AY \u0130N\u015eAAT TAAH. VE T\u0130C. A.\u015e.<\/strong><br>Ere\u011fli \u2013 Konya Kanalizasyon ve K\u0131smi Ya\u011fmursuyu \u0130n\u015faat\u0131 \/ KONYA<\/p>\n\n\n\n<p><strong>2004 \u2013 T\u00dcRK E\u011e\u0130T\u0130M VAKFI<\/strong><br>TEV 1048 Ada, 27 Parselde Bina \u0130n\u015faat\u0131 \/ ANKARA<\/p>\n\n\n\n<p><strong>2004 \u2013 PUNJ LLOYD \u2013 L\u0130MAK O.G.<\/strong><br>Nehir Ge\u00e7i\u015fleri \u0130\u00e7in Beton A\u011f\u0131rl\u0131k Kaplama \u0130\u015fi \u2013 Bota\u015f BTC Boru Hatt\u0131 \/ OSMAN\u0130YE<\/p>\n\n\n\n<p><strong>2004 \u2013 KAYA BETON SANAY\u0130 VE T\u0130CARET A.\u015e.<\/strong><br>Kralk\u0131z\u0131 \u2013 Dicle Cazibe Sulamas\u0131 \u0130sale \u015eehir \u0130\u00e7i Ge\u00e7i\u015fi (Km:31+664 \u2013 32+139) Beton, \u00c7elik Kaplamal\u0131 Galeri \u2013 T\u00fcnel ve Sondaj \u0130n\u015faat\u0131 \/ D\u0130YARBAKIR<\/p>\n\n\n\n<p><strong>2003 \u2013 NUROL \u2013 TEKFEN \u2013 Y\u00dcKSEL A.O.<\/strong><br>Bolaman \u2013 Per\u015fembe Karayolu Yap\u0131m \u0130\u015finde Hapan (Nefise Ak\u00e7elik) T\u00fcneli Yap\u0131lmas\u0131 \/ ORDU<\/p>\n\n\n\n<p><strong>1999 \u2013 NUROL \u2013 TEKFEN \u2013 Y\u00dcKSEL A.O.<\/strong><br>Bolaman \u2013 Per\u015fembe Karayolu Nefise Ak\u00e7elik \u00c7\u0131k\u0131\u015f A\u011fz\u0131 (K\u0131rl\u0131 Taraf\u0131) Sa\u011f ve Sol T\u00fcnelleri Yap\u0131m \u0130\u015fi \/ ORDU<\/p>\n\n\n\n<p><strong>1999 \u2013 KAYSER\u0130 ELEKTR\u0130K \u00dcRET\u0130M SAN. VE T\u0130C. A.\u015e.<\/strong><br>Yamula Baraj\u0131 ve HES Derivasyon T\u00fcnelleri \u0130n\u015faat\u0131 \/ KAYSER\u0130<\/p>\n\n\n\n<p><strong>1999 \u2013 YAYLA \u2013 T\u0130MTA\u015e \u2013 STY A.O.<\/strong><br>\u00c7\u0131narc\u0131k Baraj\u0131 Derivasyon T\u00fcnelleri \u0130n\u015faat\u0131 \/ BURSA<\/p>\n\n\n\n<p><strong>1997 \u2013 POYRAZ \u2013 \u00d6ZG\u00dc \u2013 T\u00dcR \u2013 SUM \u0130\u015e ORTAKLI\u011eI<\/strong><br>Kocatepe \u00c7ok Katl\u0131 Otopark ile K\u00fclt\u00fcr Tesisleri Pis Su ve Drenaj Sular\u0131n\u0131n Selanik Caddesinden Ana Kanalizasyona Ba\u011flant\u0131 Galerisi \u0130n\u015faat\u0131 \/ ANKARA<\/p>\n\n\n\n<p><strong>1997 \u2013 POYRAZ \u2013 \u00d6ZG\u00dc \u2013 T\u00dcR \u2013 SUM \u0130\u015e ORTAKLI\u011eI<\/strong><br>Selanik 2 Caddesi, Kanalizasyon ve Ya\u011fmur Suyu Toplama Galerisi \/ ANKARA<\/p>\n\n\n\n<p><strong>1996 \u2013 ORTA DO\u011eU TEKN\u0130K \u00dcN\u0130VERS\u0130TES\u0130<\/strong><br>Petrol M\u00fchendisli\u011fi B\u00f6l\u00fcm\u00fc \u00c7evre Drenaj ve Perde Duvar \u0130\u015fleri \/ ANKARA<\/p>\n\n\n\n<p><strong>1996 \u2013 ORTA DO\u011eU TEKN\u0130K \u00dcN\u0130VERS\u0130TES\u0130<\/strong><br>Petrol M\u00fchendisli\u011fi B\u00f6l\u00fcm\u00fc \u0130kmal \u0130n\u015faat\u0131 \/ ANKARA<\/p>\n\n\n\n<p><strong>1995 \u2013 \u0130STANBUL \u0130L M\u0130LL\u0130 E\u011e\u0130T\u0130M M\u00dcD\u00dcRL\u00dc\u011e\u00dc<\/strong><br>Kad\u0131k\u00f6y Habire Yah\u015fi Lisesi \u0130n\u015faat\u0131 \u0130lave \u0130\u015fler \/ \u0130STANBUL<\/p>\n\n\n\n<p><strong>1995 \u2013 \u0130STANBUL \u0130L M\u0130LL\u0130 E\u011e\u0130T\u0130M M\u00dcD\u00dcRL\u00dc\u011e\u00dc<\/strong><br>Aliye Yah\u015fi \u0130lk\u00f6\u011fretim Okulu Trafo \u0130n\u015faat\u0131&nbsp;\/ \u0130STANBUL<\/p>\n\n\n\n<p><strong>1994- \u0130STANBUL \u0130L M\u0130LL\u0130 E\u011e\u0130T\u0130M M\u00dcD\u00dcRL\u00dc\u011e\u00dc<\/strong><br>Kad\u0131k\u00f6y Habire Yah\u015fi Lisesi \u0130n\u015faat\u0131&nbsp;\/ \u0130STANBUL<\/p>\n\n\n\n<p><strong>1994 \u2013 ANKARA B\u00dcY\u00dcK\u015eEH\u0130R BELED\u0130YES\u0130<\/strong><br>K\u0131br\u0131s Ta\u015foca\u011f\u0131 Prefabrik Sosyal Tesisi \u0130n\u015faat\u0131 \/ ANKARA<\/p>\n\n\n\n<p><strong>1994 \u2013 EGE B\u0130RACILIK VE MALT SANAY\u0130 A.\u015e.<\/strong><br>Ankara Bira Fabrikas\u0131 Malt \u2013 Pirin\u00e7 Silolar\u0131 ve De\u011firmen Binas\u0131 \u0130n\u015faat \u0130\u015fleri \/ ANKARA<\/p>\n\n\n\n<p><strong>1994 \u2013 ANKARA B\u00dcY\u00dcK\u015eEH\u0130R BELED\u0130YES\u0130<\/strong><br>Mamak \u2013 \u015eafaktepe Park\u0131 Ticaret Merkezi \u0130n\u015faat\u0131&nbsp;\/ ANKARA<\/p>\n\n\n\n<p><strong>1994 \u2013 \u00d6ZKA\u015eIK\u00c7I BULKON GIDA SANAY\u0130 T\u0130C. A.\u015e.<\/strong><br>Un Fabrikas\u0131 Kompleksi \u0130n\u015faat\u0131 (Sincan Organize Sanayi B\u00f6lgesi&nbsp;\/ ANKARA<\/p>\n\n\n\n<p><strong>1993 \u2013 ORTA DO\u011eU TEKN\u0130K \u00dcN\u0130VERS\u0130TES\u0130&nbsp;<\/strong><br>Petrol M\u00fchendisli\u011fi B\u00f6l\u00fcm\u00fc \u0130n\u015faat\u0131 \/ ANKARA<\/p>\n\n\n\n<p><strong>1992 \u2013 ORTA DO\u011eU TEKN\u0130K \u00dcN\u0130VERS\u0130TES\u0130<\/strong><br>Kaynak Performans\u0131n\u0131n Optimizasyonu \u0130kmal \u0130n\u015fat\u0131 \/ ANKARA<\/p>\n\n\n\n<p><strong>1992 \u2013 AREMSAN ELK. MAK. SAN. VE T\u0130C. LTD. \u015eT\u0130.<\/strong><br>Jenerat\u00f6r Fabrikas\u0131 \u0130n\u015faat\u0131 (Sincan Organize Sanayi B\u00f6lgesi)&nbsp;\/ ANKARA<\/p>\n\n\n\n<p><strong>1992 \u2013 \u00d6ZHEN ENTEGRE TAVUK\u00c7ULUK T\u0130C. VE SAN. A.\u015e.<\/strong><br>Beypazar\u0131 Rendering Binas\u0131 \u0130n\u015faat\u0131&nbsp;\/ ANKARA<\/p>\n\n\n\n<p><strong>1992 \u2013 KUTLUTA\u015e \u2013 DILLINGHAM ORTAK G\u0130R\u0130\u015e\u0130M\u0130<\/strong><br>\u0130zmir \u2013 Ayd\u0131n Otoyol 3.2.B B\u00f6l\u00fcm\u00fc Bs-7 ve Bs-8 K\u00f6pr\u00fcleri \u0130n\u015faat\u0131 \/ \u0130ZM\u0130R<\/p>\n\n\n\n<p><strong>1991 \u2013 ORTA DO\u011eU TEKN\u0130K \u00dcN\u0130VERS\u0130TES\u0130<\/strong><br>Kaynak At\u00f6lyesi \u0130\u00e7in Prefabrik \u0130n\u015faat Onar\u0131m\u0131&nbsp;\/ ANKARA<\/p>\n\n\n\n<p><strong>1991 \u2013 ORTA DO\u011eU TEKN\u0130K \u00dcN\u0130VERS\u0130TES\u0130<\/strong><br>Kaynak At\u00f6lyesi \u0130\u00e7in Tesisat \u0130\u015fi&nbsp;\/ ANKARA<\/p>\n\n\n\n<p><strong>1991 \u2013 ORTA DO\u011eU TEKN\u0130K \u00dcN\u0130VERS\u0130TES\u0130<\/strong><br>Metalurji M\u00fch. B\u00f6l\u00fcm\u00fc Radyoloji Binas\u0131 \u0130kmal \u0130n\u015faat Onar\u0131m\u0131&nbsp;\/ ANKARA<\/p>\n\n\n\n<p><strong>1990 \u2013 ORTA DO\u011eU TEKN\u0130K \u00dcN\u0130VERS\u0130TES\u0130<\/strong><br>Metalurji M\u00fch. B\u00f6l\u00fcm\u00fc Radyoloji Binas\u0131 Onar\u0131m \u0130n\u015faat\u0131&nbsp;\/ ANKARA<\/p>\n\n\n\n<p><strong>1990 \u2013 BAYINDIRLIK VE \u0130SKAN M\u00dcD\u00dcRL\u00dc\u011e\u00dc<\/strong><br>Yerk\u00f6y Lisesi \u0130n\u015faat\u0131 \/ YOZGAT<\/p>\n\n\n\n<p><strong>1990 \u2013 SS TEKB\u0130RG\u00dcL YAPI KOOPERAT\u0130F\u0130<\/strong><br>\u015eerefliko\u00e7hisar\u2019da 4 Blok 64 Daire Mesken \u0130n\u015faat\u0131&nbsp;\/ ANKARA<\/p>\n\n\n\n<p><strong>1987 \u2013 \u015eEREFL\u0130KO\u00c7H\u0130SAR BELED\u0130YES\u0130<\/strong><br>\u015eerefliko\u00e7hisar Otob\u00fcs Terminal Otel 1.K\u0131s\u0131m ve D\u00fckkan \u0130n\u015faat\u0131 \/ ANKARA<\/p>\n\n\n\n<p><strong>1985 \u2013 \u015eEREFL\u0130KO\u00c7H\u0130SAR BELED\u0130YES\u0130<\/strong><br>\u015eerefliko\u00e7hisar Ya\u011fmursuyu Toplama Kanallar\u0131 ve Drenaj \u0130n\u015faat\u0131&nbsp;\/ ANKARA<\/p>\n\n\n\n<p><strong>1985 \u2013 KONYA VAL\u0130L\u0130\u011e\u0130 BAYINDIRLIK \u0130SKAN M\u00dcD.<\/strong><br>Sare \u00d6zka\u015f\u0131k\u00e7\u0131 \u0130lkokulu \u0130n\u015faat\u0131 \/ KONYA<\/p>\n\n\n\n<p><strong>1985 \u2013 BAYINDIRLIK VE \u0130SKAN M\u00dcD\u00dcRL\u00dc\u011e\u00dc<\/strong><br>Merkez Sare \u00d6zka\u015f\u0131k\u00e7\u0131 \u0130lkokulu \u0130n\u015faat\u0131 \/ KONYA<\/p>\n\n\n\n<p><strong>1984 \u2013 ANO \u0130N\u015eAAT LTD.<\/strong><br>Karaca\u00f6ren Baraj\u0131, Cut-Off, Santral Binas\u0131, Dolusavak ve T\u00fcnel Kaplama \u0130\u015fi \/ BURDUR<\/p>\n\n\n\n<p><strong>1983 \u2013 MKE KURUMU GENEL M\u00dcD\u00dcRL\u00dc\u011e\u00dc<\/strong><br>B\u00fcy\u00fck D\u00f6k\u00fcm Fabrikas\u0131 I. K\u0131s\u0131m Sosyal Tesisler \u0130n\u015faat\u0131 \/ YOZGAT<\/p>\n\n\n\n<p><strong>1982 \u2013 BAYINDIRLIK VE \u0130SKAN M\u00dcD\u00dcRL\u00dc\u011e\u00dc<\/strong><br>Bat\u0131 B\u00f6lgesi Sivil Akaryak\u0131t Depolar\u0131na \u0130lave Tesisler Yap\u0131lmas\u0131 \/ ANTALYA<\/p>\n\n\n\n<p><strong>1981 \u2013 MKE KURUMU GENEL M\u00dcD\u00dcRL\u00dc\u011e\u00dc<\/strong><br>Barut ve TNT Fabrikas\u0131, K\u00f6pr\u00fc Vin\u00e7 \u00c7elik Konstr\u00fcksyon \u0130n\u015faat\u0131&nbsp;\/ ANKARA<\/p>\n\n\n\n<p><strong>1981 \u2013 T\u00dcRK\u0130YE PETROLLER\u0130 A.O.<\/strong><br>Orta Anadolu Rafinerisi Prefabrik Ambar Binas\u0131&nbsp;\/ ANKARA<\/p>\n\n\n\n<p><strong>1980 \u2013 T\u00dcRK\u0130YE PETROLLER\u0130 A.O.<\/strong><br>Orta Anadolu Rafinerisi Ge\u00e7ici Is\u0131 Merkezi \/ KIRIKKALE<\/p>\n\n\n\n<p><strong>1979 \u2013 T.Z.D.K. ANKARA B\u00d6LGE M\u00dcD\u00dcRL\u00dc\u011e\u00dc<\/strong><br>\u0130kili Tip \u00c7elik Konstr\u00fcksiyon G\u00fcbre Deposu \u0130n\u015faat\u0131&nbsp;\/ ANKARA<\/p>\n\n\n\n<p><strong>1979 \u2013 BAYINDIRLIK BAKANLI\u011eI<\/strong><br>Akda\u011fmadeni Trafik Kontrol \u0130stasyonu \/ YOZGAT<\/p>\n\n\n\n<p><strong>1978 \u2013 ET BALIK KURUMU<\/strong><br>Deri ve Ba\u011f\u0131rsak \u0130letim Tesisat\u0131 Montaj\u0131 \/ SAKARYA<\/p>\n\n\n\n<p><strong>1971 \u2013 \u0130MAR VE \u0130SKAN BAKANLI\u011eI<\/strong><br>Yap\u0131 Malzemesi Ara\u015ft\u0131rma Laboratuvarlar\u0131 \u0130n\u015faat\u0131&nbsp;\/ ANKARA<\/p>\n\n\n\n<p><strong>1961 \u2013 MKE KURUMU GENEL M\u00dcD\u00dcRL\u00dc\u011e\u00dc<\/strong><br>Barut Fabrikas\u0131 II. K\u0131s\u0131m Kaba \u0130n\u015faat\u0131 \/ KIRIKKALE<\/p>\n\n\n\n<p><\/p>\n","protected":false},"excerpt":{"rendered":"<p>2024 \u2013 ET\u0130 BAKIR A.\u015e.Madenk\u00f6y Bak\u0131r Madeni \u0130\u015fletmesiYeralt\u0131 Haz\u0131rl\u0131k Galerisi Kaz\u0131 Ve \u00d6n Tahkimat \u0130\u015fi \/ S\u0130\u0130RT 2023 \u2013 ET\u0130 BAKIR A.\u015e.Murgul Yeralt\u0131 Bak\u0131r Madeni \u0130\u015fletmesiYeralt\u0131 Haz\u0131rl\u0131k Galerisi Kaz\u0131 Ve \u00d6n Tahkimat \u0130\u015fi \/ ARTV\u0130N 2023 \u2013 ET\u0130 BAKIR A.\u015e.Ko\u00e7ali Yeralt\u0131 Bak\u0131r Madeni \u0130\u015fletmesiYeralt\u0131 Galerileri Kaz\u0131, \u00d6n Tahkimat ve Tamir \u0130\u015fi \/ ADIYAMAN 2020 \u2013 &hellip; <\/p>\n<p class=\"link-more\"><a href=\"https:\/\/sargininsaat.com\/tr\/tamamlanan-projeler\/\" class=\"more-link\">Okumaya devam et<span class=\"screen-reader-text\"> &#8220;Yurt \u0130\u00e7i Projeler&#8221;<\/span><\/a><\/p>\n","protected":false},"author":1,"featured_media":0,"parent":0,"menu_order":0,"comment_status":"closed","ping_status":"closed","template":"","meta":{"footnotes":""},"class_list":["post-77","page","type-page","status-publish","hentry"],"_links":{"self":[{"href":"https:\/\/sargininsaat.com\/tr\/wp-json\/wp\/v2\/pages\/77","targetHints":{"allow":["GET"]}}],"collection":[{"href":"https:\/\/sargininsaat.com\/tr\/wp-json\/wp\/v2\/pages"}],"about":[{"href":"https:\/\/sargininsaat.com\/tr\/wp-json\/wp\/v2\/types\/page"}],"author":[{"embeddable":true,"href":"https:\/\/sargininsaat.com\/tr\/wp-json\/wp\/v2\/users\/1"}],"replies":[{"embeddable":true,"href":"https:\/\/sargininsaat.com\/tr\/wp-json\/wp\/v2\/comments?post=77"}],"version-history":[{"count":25,"href":"https:\/\/sargininsaat.com\/tr\/wp-json\/wp\/v2\/pages\/77\/revisions"}],"predecessor-version":[{"id":563,"href":"https:\/\/sargininsaat.com\/tr\/wp-json\/wp\/v2\/pages\/77\/revisions\/563"}],"wp:attachment":[{"href":"https:\/\/sargininsaat.com\/tr\/wp-json\/wp\/v2\/media?parent=77"}],"curies":[{"name":"wp","href":"https:\/\/api.w.org\/{rel}","templated":true}]}}