{"id":85,"date":"2024-10-15T13:58:20","date_gmt":"2024-10-15T10:58:20","guid":{"rendered":"https:\/\/sargininsaat.com\/tr\/?page_id=85"},"modified":"2024-11-01T16:33:13","modified_gmt":"2024-11-01T13:33:13","slug":"kvk","status":"publish","type":"page","link":"https:\/\/sargininsaat.com\/tr\/kvk\/","title":{"rendered":"KVK"},"content":{"rendered":"\n<p><strong>SARGIN \u0130N\u015eAAT VE MAK\u0130NE SANAY\u0130 T\u0130CARET ANON\u0130M \u015e\u0130RKET\u0130<\/strong><\/p>\n\n\n\n<p><strong>6698 SAYILI K\u0130\u015e\u0130SEL VER\u0130LER\u0130N KORUNMASI KANUNU KAPSAMINDA<\/strong><\/p>\n\n\n\n<p><strong>GENEL AYDINLATMA METN\u0130<\/strong><\/p>\n\n\n\n<p>Sarg\u0131n \u0130n\u015faat ve Makine Sanayi Ticaret Anonim \u015eirketi&nbsp;<strong>(\u201cSARGIN\u201d)<\/strong>&nbsp;olarak, 6698 Say\u0131l\u0131 Ki\u015fisel Verilerin Korunmas\u0131 Kanunu&nbsp;<strong>(\u201cKVKK\u201d veya \u201cKanun\u201d)<\/strong>&nbsp;uyar\u0131nca, ki\u015fisel verilerinizin g\u00fcvenli\u011fi hususuna azami hassasiyet g\u00f6stermekteyiz. Bu bilin\u00e7le, \u015eirket olarak \u00fcr\u00fcn ve hizmetlerimizden faydalanan ki\u015filer d\u00e2hil, \u015eirket ile ili\u015fkili t\u00fcm \u015fah\u0131slara ait her t\u00fcrl\u00fc ki\u015fisel verilerin 6698 say\u0131l\u0131 Ki\u015fisel Verilerin Korunmas\u0131 Kanunu\u2019na uygun olarak i\u015flenerek, muhafaza edilmesine b\u00fcy\u00fck \u00f6nem atfetmekteyiz. Bu sorumlulu\u011fumuzun tam idraki ile Veri Sorumlusu s\u0131fat\u0131yla, ki\u015fisel verilerinizi a\u015fa\u011f\u0131da izah edildi\u011fi surette ve mevzuat taraf\u0131ndan emredilen s\u0131n\u0131rlar \u00e7er\u00e7evesinde i\u015flemekteyiz.<\/p>\n\n\n\n<p><strong>Ki\u015fisel Verilerin Kapsam\u0131<\/strong><\/p>\n\n\n\n<p>G\u00fcvenli\u011finiz ve \u015eirketimizin yasalar kar\u015f\u0131s\u0131ndaki y\u00fck\u00fcml\u00fcl\u00fcklerini ifa etmesi amac\u0131yla ki\u015fisel verileriniz, \u0130\u015f Kanunu, \u0130\u015f\u00e7i Sa\u011fl\u0131\u011f\u0131 ve \u0130\u015f G\u00fcvenli\u011fi Kanunu, Sosyal Sigortalar ve Genel Sa\u011fl\u0131k Sigortas\u0131 Kanunu, T\u00fcrk Ticaret Kanunu, \u0130nternet Ortam\u0131nda Yap\u0131lan Yay\u0131nlar\u0131n D\u00fczenlenmesi ve Bu Yay\u0131nlar Yoluyla \u0130\u015flenen Su\u00e7larla M\u00fccadele Edilmesi Hakk\u0131nda Kanun, 6698 Say\u0131l\u0131 Ki\u015fisel Verilerin Korunmas\u0131 Kanunu ve ilgili di\u011fer Mevzuat ve Y\u00f6netmeliklerden kaynaklanan yasal y\u00fck\u00fcml\u00fcl\u00fcklerimiz \u00e7er\u00e7evesinde, otomatik ya da otomatik olmayan y\u00f6ntemlerle ki\u015fisel verilerin (<em>isim-soy isim, adres, meslek, e\u011fitim, medeni durum, do\u011fum tarihi ve yeri, \u00f6zge\u00e7mi\u015f, elektronik posta, T.C. kimlik numaras\u0131, telefon numaras\u0131, cinsiyet, ara\u00e7 plakas\u0131, IP adresi ve i\u015fyerlerinin i\u00e7inde ve d\u0131\u015f\u0131nda al\u0131nan kamera kay\u0131tlar\u0131, e-posta imzas\u0131 vb<\/em>) taraf\u0131m\u0131zla payla\u015f\u0131lmas\u0131 veya internet sitemize giri\u015f yap\u0131lmas\u0131 halinde a\u00e7\u0131k r\u0131zan\u0131za istinaden veya Kanunda belirtilen hukuki sebep ve \u015fartlara uygun olarak \u015eirketimiz; ki\u015fisel verileri elde edebilecek, kaydedebilecek, muhafaza edebilecek, hizmetlerini devam ettirebilmek amac\u0131yla g\u00fcncelleyebilecek, yeniden d\u00fczenleyebilecek, mevzuat\u0131n izin verdi\u011fi durumlarda ve \u00f6l\u00e7\u00fcde yurt i\u00e7inde yahut yurt d\u0131\u015f\u0131nda bulunan \u00fc\u00e7\u00fcnc\u00fc ki\u015filere aktar\u0131labilecek ve kanunlar\u0131n onay verdi\u011fi di\u011fer \u015fekillerde gerekli idari ve teknik \u00f6nlemleri alarak i\u015fleyebilecektir.<\/p>\n\n\n\n<p>SARGIN taraf\u0131ndan Kanun gere\u011fince ki\u015fisel verilerin hukuka ve d\u00fcr\u00fcstl\u00fck kural\u0131na uygun olarak do\u011fru ve gerekti\u011finde g\u00fcncel olarak, belirli, a\u00e7\u0131k ve me\u015fru ama\u00e7lar do\u011frultusunda, i\u015flendikleri ama\u00e7la ba\u011flant\u0131l\u0131, s\u0131n\u0131rl\u0131 ve \u00f6l\u00e7\u00fcl\u00fc olarak, ilgili mevzuatta \u00f6ng\u00f6r\u00fclen s\u00fcre kadar veya i\u015flendikleri ama\u00e7 i\u00e7in gerekli olan yasal saklama s\u00fcresince veya i\u015fleme amac\u0131n\u0131n gerekli k\u0131ld\u0131\u011f\u0131 s\u00fcre boyunca saklanacak ve i\u015fleme amac\u0131n\u0131n gerekli k\u0131ld\u0131\u011f\u0131 s\u00fcrenin sonunda anonimle\u015ftirilerek \u015eirketimiz taraf\u0131ndan kullan\u0131lmaya devam edilecek yahut Kanun ve ilgili mevzuata uygun olarak \u015eirket Prosed\u00fcrleri gere\u011fi imha edilecektir.<\/p>\n\n\n\n<p><strong>Ki\u015fisel Verilerin \u0130\u015fleme Ama\u00e7lar\u0131<\/strong><strong><\/strong><\/p>\n\n\n\n<p>Ki\u015fisel verileriniz, s\u00f6zl\u00fc, yaz\u0131l\u0131 ya da elektronik ortamda, Kanun\u2019un izin verdi\u011fi \u00e7er\u00e7evede;<\/p>\n\n\n\n<ul class=\"wp-block-list\">\n<li>\u015eirket ile i\u015f ili\u015fkisinde bulunan ger\u00e7ek\/t\u00fczel ki\u015filerle irtibat sa\u011flamak<\/li>\n\n\n\n<li>SARGIN taraf\u0131ndan ticari kararlar\u0131n verilmesi, uygulanmas\u0131 ve ger\u00e7ekle\u015ftirilmesi konusunda gerekli ad\u0131mlar\u0131n at\u0131lmas\u0131,<\/li>\n\n\n\n<li>\u0130\u015fyerlerimizin fiziki g\u00fcvenli\u011finin ve personel g\u00fcvenli\u011finin sa\u011flanmas\u0131,<\/li>\n\n\n\n<li>Finans ve\/veya muhasebe i\u015flerinin takibi,<\/li>\n\n\n\n<li>\u0130nsan Kaynaklar\u0131 faaliyetlerimizin mevzuata uygun y\u00fcr\u00fct\u00fclebilmesi,<\/li>\n\n\n\n<li>\u0130\u015f ve i\u015f\u00e7i sa\u011fl\u0131\u011f\u0131\/g\u00fcvenli\u011fi faaliyetlerinin y\u00fcr\u00fct\u00fclmesi,<\/li>\n\n\n\n<li>Siber g\u00fcvenlik teknolojileri altyap\u0131s\u0131n\u0131n olu\u015fturulmas\u0131 ve y\u00f6netilmesi,<\/li>\n\n\n\n<li>Fikri ve S\u0131nai M\u00fclkiyet haklar\u0131n\u0131n tesisi ve korunmas\u0131,<\/li>\n\n\n\n<li>S\u00f6zle\u015fme y\u00f6netimi, hukuki i\u015flemlerin tesisi ve hukuki s\u00fcre\u00e7lerin takibi,<\/li>\n\n\n\n<li>\u015eirketimiz ticari s\u0131rlar\u0131n\u0131n korunmas\u0131 ve bilgi g\u00fcvenli\u011finin sa\u011flanabilmesi amac\u0131yla bilgi g\u00fcvenli\u011fi s\u00fcre\u00e7lerinin planlanmas\u0131, bunlar\u0131n denetimi ve icras\u0131,<\/li>\n\n\n\n<li>\u0130leride do\u011fabilecek hukuki uyu\u015fmazl\u0131klarda delil olarak ispat y\u00fck\u00fcml\u00fcl\u00fc\u011f\u00fc,<\/li>\n\n\n\n<li>SARGIN\u2019\u0131n s\u00f6zle\u015fmelerden ve mevzuattan do\u011fan y\u00fck\u00fcml\u00fcl\u00fcklerini tam ve gere\u011fi gibi ifa edebilmesi,<\/li>\n\n\n\n<li>\u0130nternet sitemiz arac\u0131l\u0131\u011f\u0131yla taraf\u0131m\u0131za iletece\u011finiz \u00f6neri, istek, \u015fikayet ve ar\u0131za bildirimlerinin de\u011ferlendirilebilmesi, cevapland\u0131r\u0131labilmesi ve bildirimler uyar\u0131nca iyile\u015ftirme \u00e7al\u0131\u015fmalar\u0131n\u0131n yap\u0131labilmesi<\/li>\n<\/ul>\n\n\n\n<p>ama\u00e7lar\u0131 ile i\u015flenecektir.<\/p>\n\n\n\n<p><strong>Ki\u015fisel Veri Toplaman\u0131n Hukuki Sebebi ve Y\u00f6ntemi<\/strong><\/p>\n\n\n\n<p>Ki\u015fisel verileriniz genel kural olarak a\u00e7\u0131k r\u0131zan\u0131z bulunmas\u0131 halinde i\u015flenmektedir. Ancak Kanunun 5. Maddesinde yer alan; kanunlarda a\u00e7\u0131k\u00e7a \u00f6ng\u00f6r\u00fclmesi, s\u00f6zle\u015fmenin kurulmas\u0131 veya ifas\u0131 i\u00e7in gerekli olmas\u0131, hukuki y\u00fck\u00fcml\u00fcl\u00fc\u011f\u00fcn yerine getirilebilmesi i\u00e7in zorunlu olmas\u0131 veyahut ilgili ki\u015finin temel hak ve \u00f6zg\u00fcrl\u00fcklerine zarar vermemek kayd\u0131yla, veri sorumlusunun me\u015fru menfaatleri i\u00e7in veri i\u015flenmesinin zorunlu olmas\u0131 veya taraf\u0131n\u0131zca alenile\u015ftirilmi\u015f olmas\u0131 gibi \u015fartlar\u0131n varl\u0131\u011f\u0131 halinde a\u00e7\u0131k r\u0131za bulunmaks\u0131z\u0131n i\u015flenebilmektedir.<\/p>\n\n\n\n<p>\u015eirketimiz faaliyetlerinin y\u00fcr\u00fct\u00fclmesi i\u00e7in ki\u015fisel verileriniz s\u00f6zl\u00fc, yaz\u0131l\u0131 ve elektronik ortamlarda otomatik veya otomatik olmayan y\u00f6ntemlerle toplanmakta ve saklanmaktad\u0131r. Burada belirtilenlerle s\u0131n\u0131rl\u0131 olmamak \u00fczere a\u015fa\u011f\u0131daki y\u00f6ntemlerle hukuki verileriniz i\u015flenmektedir:<\/p>\n\n\n\n<p>Hukuki, teknik, fiziki ve ticari i\u015f g\u00fcvenli\u011finin temin edilmesi, i\u015f sa\u011fl\u0131\u011f\u0131 ve g\u00fcvenli\u011fi ile genel \u00e7al\u0131\u015fan g\u00fcvenli\u011finin sa\u011flanmas\u0131 ama\u00e7lar\u0131yla; hizmet binalar\u0131m\u0131z ve \u015fantiye alanlar\u0131 i\u00e7erisindeki giri\u015f kap\u0131lar\u0131, bina d\u0131\u015f cephesi, yemekhane, kafeterya, ziyaret\u00e7i bekleme salonu, otopark, g\u00fcvenlik kul\u00fcbesi ve kat koridorlar\u0131 hizmet alan\u0131nda bulunan g\u00fcvenlik kameralar\u0131 vas\u0131tas\u0131yla g\u00f6r\u00fcnt\u00fc kayd\u0131 yap\u0131lmakta ve kay\u0131t i\u015flemi teknik birim taraf\u0131ndan denetlenmektedir. S\u00f6z konusu kamera kay\u0131tlar\u0131 yukar\u0131da yer alan \u201c<em>veri sorumlusunun hukuki y\u00fck\u00fcml\u00fcl\u00fc\u011f\u00fcn\u00fc yerine getirebilmesi i\u00e7in zorunlu olmas\u0131<\/em>\u201d ve \u201c<em>ilgili ki\u015finin temel hak ve \u00f6zg\u00fcrl\u00fcklerine zarar vermemek kayd\u0131yla, veri sorumlusunun me\u015fru menfaatleri i\u00e7in veri i\u015flenmesinin zorunlu olmas\u0131<\/em>\u201d hukuki sebebine dayanarak otomatik yolla i\u015flenmektedir.<\/p>\n\n\n\n<p>\u015eirketimiz internet sitesi kullan\u0131m\u0131nda herhangi bir \u00e7erez kullanmamakla birlikte, internet taray\u0131c\u0131n\u0131z\u0131n sunucular\u0131m\u0131za g\u00f6ndermi\u015f oldu\u011fu IP adresi ve User-Agent bilgisi g\u00fcnl\u00fck kay\u0131tlar\u0131na anonim olarak kaydedilmekte olup internet sitesinin d\u00fczg\u00fcn \u00e7al\u0131\u015fmas\u0131n\u0131 sa\u011flamak d\u0131\u015f\u0131nda herhangi bir ama\u00e7la i\u015flenmemektedir.<\/p>\n\n\n\n<p>Ayr\u0131ca yine \u015eirketimizin e-posta adreslerine veya \u00e7al\u0131\u015fanlar\u0131n kurumsal e-posta adreslerine g\u00f6nderdi\u011finiz e-postalar veya telefon numaralar\u0131na, sosyal medya kanallar\u0131na g\u00f6nderdi\u011finiz smsler, \u00e7a\u011fr\u0131lar yoluyla ve fiziken veya posta yoluyla teslim etti\u011finiz evraklar yoluyla da taraf\u0131m\u0131zla payla\u015ft\u0131\u011f\u0131n\u0131z ki\u015fisel verileriniz i\u015flenebilmektedir.<\/p>\n\n\n\n<p>G\u00fcvenlik amac\u0131yla bina giri\u015flerinde ziyaret\u00e7i kayd\u0131 yaln\u0131zca s\u00f6zl\u00fc olarak herhangi bir ara\u00e7la kaydedilmeksizin ilgili ki\u015fiye bildirilmesi i\u00e7in ad-soyad \u015feklinde talep edilmektedir.<\/p>\n\n\n\n<p><strong>Ki\u015fisel Verilerin Kimlere ve Hangi Ama\u00e7la Aktar\u0131labilece\u011fi<\/strong><\/p>\n\n\n\n<p>\u015eirketimiz, ki\u015fisel verilerinizi Kanun\u2019un 5. 8. ve 9. maddelerinde ve i\u015f bu metinde belirtilen ki\u015fisel veri i\u015fleme \u015fartlar\u0131 ve ama\u00e7lar\u0131 \u00e7er\u00e7evesinde; \u015eirket faaliyetlerinin y\u00fcr\u00fct\u00fclmesi, hukuki uyu\u015fmazl\u0131klar\u0131n giderilmesi amac\u0131yla veya ilgili mevzuat gere\u011fi do\u011frudan\/dolayl\u0131 yurti\u00e7i\/yurtd\u0131\u015f\u0131 i\u015ftiraklerimiz, faaliyetlerimiz gere\u011fi anla\u015fmal\u0131 oldu\u011fumuz t\u00fczel ve ger\u00e7ek ki\u015filer, tedarik\u00e7iler, alt y\u00fckleniciler, i\u015f ortaklar\u0131m\u0131z, hissedarlar\u0131m\u0131z, hukuk, mali ve vergi dan\u0131\u015fmanlar\u0131, denet\u00e7ileri, denetim \u015firketleri veya yasal bir zorunluluk gere\u011fi bu verileri talep etmeye yetkili olan kamu kurum veya kurulu\u015flar\u0131, adli makamlar veya ilgili kolluk kuvvetleri ile bu ama\u00e7lar do\u011frultusunda ilgili di\u011fer ki\u015fi veya kurumlara aktar\u0131labilecektir.<\/p>\n\n\n\n<p><strong>\u0130lgili Ki\u015finin 6698 Say\u0131l\u0131 Kanun\u2019un 11. Maddesinde Say\u0131lan Haklar\u0131<\/strong><\/p>\n\n\n\n<p>\u0130lgili ki\u015filer olarak;<\/p>\n\n\n\n<ul class=\"wp-block-list\">\n<li>Ki\u015fisel veri i\u015flenip i\u015flenmedi\u011fini \u00f6\u011frenme,<\/li>\n\n\n\n<li>Ki\u015fisel verileri i\u015flenmi\u015fse buna ili\u015fkin bilgi talep etme,<\/li>\n\n\n\n<li>Ki\u015fisel verilerin i\u015flenme amac\u0131n\u0131 ve bunlar\u0131n amac\u0131na uygun kullan\u0131l\u0131p kullan\u0131lmad\u0131\u011f\u0131n\u0131 \u00f6\u011frenme,<\/li>\n\n\n\n<li>Yurt i\u00e7inde veya yurt d\u0131\u015f\u0131nda ki\u015fisel verilerin aktar\u0131ld\u0131\u011f\u0131 \u00fc\u00e7\u00fcnc\u00fc ki\u015fileri bilme,<\/li>\n\n\n\n<li>Ki\u015fisel verilerin eksik veya yanl\u0131\u015f i\u015flenmi\u015f olmas\u0131 h\u00e2linde bunlar\u0131n d\u00fczeltilmesini isteme ve bu kapsamda yap\u0131lan i\u015flemin ki\u015fisel verilerin aktar\u0131ld\u0131\u011f\u0131 \u00fc\u00e7\u00fcnc\u00fc ki\u015filere bildirilmesini isteme,<\/li>\n\n\n\n<li>6698 say\u0131l\u0131 KVKK\u2019n\u0131n ve ilgili di\u011fer kanun h\u00fck\u00fcmlerine uygun olarak i\u015flenmi\u015f olmas\u0131na ra\u011fmen, i\u015flenmesini gerektiren sebeplerin ortadan kalkmas\u0131 halinde ki\u015fisel verilerin silinmesini veya yok edilmesini isteme ve bu kapsamda yap\u0131lan i\u015flemin ki\u015fisel verilerin aktar\u0131ld\u0131\u011f\u0131 \u00fc\u00e7\u00fcnc\u00fc ki\u015filere bildirilmesini isteme,<\/li>\n\n\n\n<li>\u0130\u015flenen verilerin m\u00fcnhas\u0131ran otomatik sistemler vas\u0131tas\u0131yla analiz edilmesi suretiyle ki\u015finin kendisi aleyhine bir sonucun ortaya \u00e7\u0131kmas\u0131na itiraz etme,<\/li>\n\n\n\n<li>Ki\u015fisel verilerin kanuna ayk\u0131r\u0131 olarak i\u015flenmesi sebebiyle zarara u\u011framas\u0131 halinde zarar\u0131n giderilmesini talep etme hakk\u0131na sahipsiniz.<\/li>\n<\/ul>\n\n\n\n<p><strong>Veri Sorumlusuna Ba\u015fvuru Y\u00f6ntemi<\/strong><\/p>\n\n\n\n<p>Yukar\u0131da say\u0131lan haklar\u0131n\u0131za ili\u015fkin taleplerinizi, \u201c<a href=\"https:\/\/www.sargininsaat.com.tr\/\">https:\/\/www.sargininsaat.com<\/a>\u201d adresinde \u00f6rne\u011fi bulunan ba\u015fvuru formunu doldurarak a\u015fa\u011f\u0131da tan\u0131mlanan y\u00f6ntemlerden birini kullanarak iletebilirsiniz. \u015eirketimizle payla\u015ft\u0131\u011f\u0131n\u0131z bilgilerin\/verilerin do\u011fru olmas\u0131 ve \u015eirketimize do\u011fru olarak aktar\u0131lm\u0131\u015f olmas\u0131 \u00f6nemli olup bu durum haklar\u0131n\u0131z\u0131 kullanabilmeniz a\u00e7\u0131s\u0131ndan \u00f6nem arz etmektedir. Ki\u015fisel veri sahibi kendisi d\u0131\u015f\u0131ndaki bir ki\u015finin talepte bulunmas\u0131 i\u00e7in konuya ili\u015fkin olarak ki\u015fisel veri sahibi taraf\u0131ndan ba\u015fvuruda bulunacak ki\u015fi ad\u0131na d\u00fczenlenmi\u015f \u00f6zel vek\u00e2letname bulunmal\u0131d\u0131r.<\/p>\n\n\n\n<figure class=\"wp-block-table\"><table class=\"has-fixed-layout\"><tbody><tr><td><strong>Ba\u015fvuru Y\u00f6ntemi<\/strong><\/td><td><strong>Ba\u015fvurunun Yap\u0131laca\u011f\u0131 Adresi<\/strong><\/td><td><strong>Ba\u015fvuru G\u00f6nderiminde Belirtilecek Konu<\/strong><\/td><\/tr><tr><td>\u015eahsen Ba\u015fvuru<br>(Ba\u015fvuru sahibinin bizzat gelerek kimli\u011fini tevsik edici belge ile ba\u015fvurmas\u0131)<\/td><td>\u0130lkbahar Mahallesi 608. Sokak No:9 06550 \u00c7ankaya\/Ankara<\/td><td>Zarf\u0131n \u00fczerine \u201cKi\u015fisel Verilerin Korunmas\u0131 Kanunu Kapsam\u0131nda Bilgi Talebi\u201d yaz\u0131lacakt\u0131r. &nbsp;<br><\/td><\/tr><tr><td>Noter vas\u0131tas\u0131yla tebligat<\/td><td>\u0130lkbahar Mahallesi 608. Sokak No:9 06550 \u00c7ankaya\/Ankara<\/td><td>Tebligat zarf\u0131na \u201cKi\u015fisel Verilerin Korunmas\u0131 Kanunu Kapsam\u0131nda Bilgi Talebi\u201d yaz\u0131lacakt\u0131r.<\/td><\/tr><tr><td>Kep adresi&nbsp;<br>Kay\u0131tl\u0131 e-posta adresiniz<\/td><td><a href=\"mailto:sargin@hs01.kep.tr\">sargin@hs01.kep.tr<\/a><br>info@sargininsaat.com.tr<\/td><td>E-posta bildiriminin konu k\u0131sm\u0131na \u201cKi\u015fisel Verilerin Korunmas\u0131 Kanunu Kapsam\u0131nda Bilgi Talebi\u201d yaz\u0131lacakt\u0131r.<\/td><\/tr><\/tbody><\/table><\/figure>\n\n\n\n<p>\u0130lgili ki\u015finin ba\u015fvurusuna m\u00fcteakip \u015eirketimiz 30 g\u00fcnl\u00fck yasal s\u00fcre i\u00e7inde ilgili ki\u015finin ba\u015fvurusunu \u00fccretsiz olarak sonu\u00e7land\u0131racakt\u0131r. \u0130lgili ki\u015finin taleplerinin yerine getirilmesi i\u00e7in ayr\u0131ca maliyet hesaplanmas\u0131n\u0131 gerektiren hallerde \u015eirketimizin; 10 sayfan\u0131n \u00fczerindeki yaz\u0131l\u0131 cevaplarda her sayfa i\u00e7in 1 T\u00fcrk Liras\u0131, CD, flash bellek, gibi kay\u0131t ortamlar\u0131nda cevap verilmesi halinde s\u00f6z konusu kay\u0131t ortam\u0131n\u0131n maliyeti tutar\u0131nda \u00fccret ilgili ki\u015fiden talep etme hakk\u0131 sakl\u0131d\u0131r.<\/p>\n\n\n\n<p>\u015eirketimizin Kanunda meydana gelebilecek de\u011fi\u015fiklikler ve Ki\u015fisel Verileri Koruma Kurulu taraf\u0131ndan belirlenebilecek yeni y\u00f6ntem veya y\u00f6netmelikler sebebiyle, bu ayd\u0131nlatma bildiriminde de\u011fi\u015fiklik yapma hakk\u0131 sakl\u0131d\u0131r.<\/p>\n\n\n\n<p>Toplad\u0131\u011f\u0131m\u0131z ki\u015fisel verilerinizin do\u011fru ve gerekti\u011finde g\u00fcncel olmas\u0131 gerekmektedir. Bu nedenle, ki\u015fisel verilerinizde herhangi bir de\u011fi\u015fiklik meydana gelmesi halinde, bu hususun \u015eirketimize bildirilmesi y\u00fck\u00fcml\u00fcl\u00fc\u011f\u00fc taraf\u0131n\u0131za aittir. Yanl\u0131\u015f ya da hatal\u0131 bilgi verilmesinden do\u011facak sorumluluk bilgiyi\/veriyi \u015eirketimize ileten tarafa aittir.<\/p>\n\n\n\n<p><strong>Veri Gizlili\u011fi \u0130lkelerinde Yap\u0131lacak De\u011fi\u015fiklikler<\/strong><\/p>\n\n\n\n<p>Mevzuat, teknoloji ve ticari de\u011fi\u015fikliklere ba\u011fl\u0131 olarak yukar\u0131da yer alan hususlarda de\u011fi\u015fiklik olabilece\u011finden, bu de\u011fi\u015fikliklerden haberdar olabilmeniz i\u00e7in internet sitemizi d\u00fczenli olarak ziyaret etmenizi tavsiye ederiz.<\/p>\n\n\n\n<p>Veri Sahibi Ba\u015fvuru Formu i\u00e7in\u00a0<a href=\"https:\/\/sargininsaat.com\/tr\/wp-content\/uploads\/2024\/11\/BASVURU-FORMU-PDF.pdf\" target=\"_blank\" rel=\"noreferrer noopener\">t\u0131klay\u0131n\u0131z<\/a>.<\/p>\n\n\n\n<p><\/p>\n","protected":false},"excerpt":{"rendered":"<p>SARGIN \u0130N\u015eAAT VE MAK\u0130NE SANAY\u0130 T\u0130CARET ANON\u0130M \u015e\u0130RKET\u0130 6698 SAYILI K\u0130\u015e\u0130SEL VER\u0130LER\u0130N KORUNMASI KANUNU KAPSAMINDA GENEL AYDINLATMA METN\u0130 Sarg\u0131n \u0130n\u015faat ve Makine Sanayi Ticaret Anonim \u015eirketi&nbsp;(\u201cSARGIN\u201d)&nbsp;olarak, 6698 Say\u0131l\u0131 Ki\u015fisel Verilerin Korunmas\u0131 Kanunu&nbsp;(\u201cKVKK\u201d veya \u201cKanun\u201d)&nbsp;uyar\u0131nca, ki\u015fisel verilerinizin g\u00fcvenli\u011fi hususuna azami hassasiyet g\u00f6stermekteyiz. Bu bilin\u00e7le, \u015eirket olarak \u00fcr\u00fcn ve hizmetlerimizden faydalanan ki\u015filer d\u00e2hil, \u015eirket ile ili\u015fkili t\u00fcm &hellip; <\/p>\n<p class=\"link-more\"><a href=\"https:\/\/sargininsaat.com\/tr\/kvk\/\" class=\"more-link\">Okumaya devam et<span class=\"screen-reader-text\"> &#8220;KVK&#8221;<\/span><\/a><\/p>\n","protected":false},"author":1,"featured_media":0,"parent":0,"menu_order":0,"comment_status":"closed","ping_status":"closed","template":"","meta":{"footnotes":""},"class_list":["post-85","page","type-page","status-publish","hentry"],"_links":{"self":[{"href":"https:\/\/sargininsaat.com\/tr\/wp-json\/wp\/v2\/pages\/85","targetHints":{"allow":["GET"]}}],"collection":[{"href":"https:\/\/sargininsaat.com\/tr\/wp-json\/wp\/v2\/pages"}],"about":[{"href":"https:\/\/sargininsaat.com\/tr\/wp-json\/wp\/v2\/types\/page"}],"author":[{"embeddable":true,"href":"https:\/\/sargininsaat.com\/tr\/wp-json\/wp\/v2\/users\/1"}],"replies":[{"embeddable":true,"href":"https:\/\/sargininsaat.com\/tr\/wp-json\/wp\/v2\/comments?post=85"}],"version-history":[{"count":5,"href":"https:\/\/sargininsaat.com\/tr\/wp-json\/wp\/v2\/pages\/85\/revisions"}],"predecessor-version":[{"id":747,"href":"https:\/\/sargininsaat.com\/tr\/wp-json\/wp\/v2\/pages\/85\/revisions\/747"}],"wp:attachment":[{"href":"https:\/\/sargininsaat.com\/tr\/wp-json\/wp\/v2\/media?parent=85"}],"curies":[{"name":"wp","href":"https:\/\/api.w.org\/{rel}","templated":true}]}}